{"id":79653,"date":"2024-10-18T08:33:33","date_gmt":"2024-10-18T08:33:33","guid":{"rendered":"https:\/\/maybusiness.co.uk\/nuestro-trabajo\/"},"modified":"2024-11-28T11:46:28","modified_gmt":"2024-11-28T11:46:28","slug":"nuestro-trabajo","status":"publish","type":"page","link":"https:\/\/maybusiness.co.uk\/es\/nuestro-trabajo\/","title":{"rendered":"Nuestro trabajo"},"content":{"rendered":"<p>[vc_row unlock_row_content=\u00bbyes\u00bb row_height_percent=\u00bb45&#8243; override_padding=\u00bbyes\u00bb h_padding=\u00bb0&#8243; top_padding=\u00bb2&#8243; bottom_padding=\u00bb0&#8243; overlay_alpha=\u00bb50&#8243; gutter_size=\u00bb3&#8243; column_width_percent=\u00bb100&#8243; shift_y=\u00bb0&#8243; z_index=\u00bb0&#8243;][vc_column column_width_percent=\u00bb100&#8243; gutter_size=\u00bb3&#8243; expand_height=\u00bbyes\u00bb back_image=\u00bb79756&#8243; overlay_alpha=\u00bb50&#8243; shift_x=\u00bb0&#8243; shift_y=\u00bb0&#8243; shift_y_down=\u00bb0&#8243; z_index=\u00bb0&#8243; medium_width=\u00bb0&#8243; mobile_width=\u00bb0&#8243; width=\u00bb1\/2&#8243;][vc_empty_space empty_h=\u00bb5&#8243; desktop_visibility=\u00bbyes\u00bb][vc_empty_space empty_h=\u00bb5&#8243; desktop_visibility=\u00bbyes\u00bb][\/vc_column][vc_column column_width_percent=\u00bb100&#8243; position_vertical=\u00bbbottom\u00bb gutter_size=\u00bb3&#8243; override_padding=\u00bbyes\u00bb column_padding=\u00bb4&#8243; expand_height=\u00bbyes\u00bb overlay_color=\u00bbcolor-xsdn\u00bb overlay_alpha=\u00bb85&#8243; border_color=\u00bbaccent\u00bb border_style=\u00bbsolid\u00bb shift_x=\u00bb-2&#8243; shift_x_fixed=\u00bbyes\u00bb shift_y=\u00bb0&#8243; shift_y_fixed=\u00bbyes\u00bb shift_y_down=\u00bb0&#8243; z_index=\u00bb0&#8243; medium_width=\u00bb0&#8243; mobile_width=\u00bb0&#8243; css_animation=\u00bbright-t-left\u00bb width=\u00bb1\/2&#8243; css=\u00bb.vc_custom_1731506466096{border-left-width: 15px !important;}\u00bb][vc_custom_heading text_size=\u00bbfontsize-193085&#8243; text_weight=\u00bb600&#8243; text_color=\u00bbcolor-210329&#8243;]Nuestro trabajo[\/vc_custom_heading][vc_column_text]<\/p>\n<p style=\"text-align: left;\"><span style=\"font-weight: 400; color: #000000;\">Ayudamos a los clientes a resolver sus mayores problemas, proporcionando recursos calificados y aplicando experiencia, nuevas tecnolog\u00edas y metodolog\u00edas probadas.<\/span><\/p>\n<p style=\"text-align: left;\"><span style=\"color: #000000;\">En un panorama empresarial cada vez m\u00e1s competitivo e incierto, los l\u00edderes necesitan un asesoramiento fiable y basado en la informaci\u00f3n de expertos que comprendan su situaci\u00f3n \u00fanica. May Business sobresale en esto, utilizando un enfoque de consultor\u00eda h\u00edbrido de asesores independientes, socios internos y analistas para ofrecer soluciones que son: <\/span><\/p>\n<p>[\/vc_column_text][vc_column_text]<\/p>\n<ul>\n<li style=\"font-weight: 400; text-align: left;\" aria-level=\"1\"><span style=\"color: #000000;\"><b>Basadas en datos:<\/b><span style=\"font-weight: 400;\"> Nuestras recomendaciones se basan en an\u00e1lisis rigurosos, lo que garantiza que las estrategias se basen en las realidades del mercado.<\/span><\/span><\/li>\n<li style=\"font-weight: 400; text-align: left;\" aria-level=\"1\"><span style=\"color: #000000;\"><b>Colaborativo:<\/b><span style=\"font-weight: 400;\"> Nos asociamos con nuestros clientes para comprender su negocio y adaptar soluciones que se alineen con las capacidades de su gente.<\/span><\/span><\/li>\n<li style=\"font-weight: 400; text-align: left;\" aria-level=\"1\"><span style=\"color: #000000;\"><b>Accionable:<\/b><span style=\"font-weight: 400;\"> May Business se centra en el \u00abqu\u00e9\u00bb y el \u00abc\u00f3mo\u00bb, no solo esbozando estrategias, sino guiando el proceso de implementaci\u00f3n para una ejecuci\u00f3n impactante.<\/span><\/span><\/li>\n<\/ul>\n<p>[\/vc_column_text][\/vc_column][\/vc_row][vc_row unlock_row_content=\u00bbyes\u00bb row_height_percent=\u00bb45&#8243; override_padding=\u00bbyes\u00bb h_padding=\u00bb0&#8243; top_padding=\u00bb2&#8243; bottom_padding=\u00bb0&#8243; overlay_alpha=\u00bb50&#8243; gutter_size=\u00bb3&#8243; column_width_percent=\u00bb100&#8243; shift_y=\u00bb0&#8243; z_index=\u00bb0&#8243; inverted_device_order=\u00bbyes\u00bb][vc_column column_width_percent=\u00bb100&#8243; position_vertical=\u00bbbottom\u00bb gutter_size=\u00bb3&#8243; override_padding=\u00bbyes\u00bb column_padding=\u00bb4&#8243; expand_height=\u00bbyes\u00bb overlay_color=\u00bbcolor-xsdn\u00bb overlay_alpha=\u00bb85&#8243; border_color=\u00bbaccent\u00bb border_style=\u00bbsolid\u00bb shift_x=\u00bb2&#8243; shift_x_fixed=\u00bbyes\u00bb shift_y=\u00bb0&#8243; shift_y_fixed=\u00bbyes\u00bb shift_y_down=\u00bb0&#8243; shift_y_down_fixed=\u00bbyes\u00bb z_index=\u00bb10&#8243; medium_width=\u00bb0&#8243; mobile_width=\u00bb0&#8243; css_animation=\u00bbright-t-left\u00bb width=\u00bb1\/2&#8243; css=\u00bb.vc_custom_1730463622634{border-right-width: 15px !important;}\u00bb][vc_custom_heading text_size=\u00bbfontsize-193085&#8243; text_weight=\u00bb600&#8243; text_color=\u00bbcolor-210329&#8243;]Nos esforzamos por resolver los problemas de transformaci\u00f3n que nos presentan nuestros clientes[\/vc_custom_heading][vc_column_text]<span style=\"font-weight: 400; color: #000000;\">Nuestros clientes conf\u00edan en nosotros para ayudarles a desarrollar su estrategia de cambio y luego cumplir con esas decisiones. Utilizamos nuestras habilidades de arquitectura, datos, entrega, modelo operativo y mejora de procesos para hacer crecer negocios exitosos de manera sostenible. <\/span>[\/vc_column_text][\/vc_column][vc_column column_width_percent=\u00bb100&#8243; gutter_size=\u00bb3&#8243; expand_height=\u00bbyes\u00bb back_image=\u00bb79758&#8243; overlay_alpha=\u00bb50&#8243; shift_x=\u00bb0&#8243; shift_y=\u00bb0&#8243; shift_y_down=\u00bb0&#8243; z_index=\u00bb0&#8243; medium_width=\u00bb0&#8243; mobile_width=\u00bb0&#8243; width=\u00bb1\/2&#8243;][vc_empty_space empty_h=\u00bb5&#8243; desktop_visibility=\u00bbyes\u00bb][vc_empty_space empty_h=\u00bb5&#8243; desktop_visibility=\u00bbyes\u00bb][\/vc_column][\/vc_row][vc_row row_height_percent=\u00bb0&#8243; override_padding=\u00bbyes\u00bb h_padding=\u00bb2&#8243; top_padding=\u00bb0&#8243; bottom_padding=\u00bb3&#8243; overlay_alpha=\u00bb50&#8243; gutter_size=\u00bb4&#8243; column_width_percent=\u00bb100&#8243; shift_y=\u00bb0&#8243; z_index=\u00bb0&#8243;][vc_column column_width_percent=\u00bb100&#8243; gutter_size=\u00bb3&#8243; overlay_alpha=\u00bb50&#8243; shift_x=\u00bb0&#8243; shift_y=\u00bb-5&#8243; shift_y_down=\u00bb0&#8243; z_index=\u00bb0&#8243; medium_visibility=\u00bbyes\u00bb medium_width=\u00bb0&#8243; mobile_visibility=\u00bbyes\u00bb mobile_width=\u00bb0&#8243; css_animation=\u00bbright-t-left\u00bb width=\u00bb1\/2&#8243;][\/vc_column][\/vc_row][vc_row row_height_percent=\u00bb0&#8243; override_padding=\u00bbyes\u00bb h_padding=\u00bb2&#8243; top_padding=\u00bb5&#8243; bottom_padding=\u00bb3&#8243; overlay_alpha=\u00bb100&#8243; gutter_size=\u00bb100&#8243; column_width_percent=\u00bb100&#8243; shift_y=\u00bb0&#8243; z_index=\u00bb0&#8243; desktop_visibility=\u00bbyes\u00bb medium_visibility=\u00bbyes\u00bb mobile_visibility=\u00bbyes\u00bb style=\u00bbinherited\u00bb][vc_column column_width_percent=\u00bb100&#8243; gutter_size=\u00bb3&#8243; overlay_alpha=\u00bb100&#8243; shift_x=\u00bb0&#8243; shift_y=\u00bb0&#8243; medium_width=\u00bb0&#8243; zoom_width=\u00bb0&#8243; zoom_height=\u00bb0&#8243; width=\u00bb1\/1&#8243;][vc_row_inner row_inner_height_percent=\u00bb0&#8243; overlay_alpha=\u00bb100&#8243; gutter_size=\u00bb3&#8243; shift_y=\u00bb0&#8243; limit_content=\u00bb\u00bb][vc_column_inner column_width_use_pixel=\u00bbyes\u00bb align_horizontal=\u00bbalign_center\u00bb gutter_size=\u00bb3&#8243; font_family=\u00bbfont-134980&#8243; overlay_alpha=\u00bb100&#8243; shift_x=\u00bb0&#8243; shift_y=\u00bb0&#8243; medium_width=\u00bb0&#8243; zoom_width=\u00bb0&#8243; zoom_height=\u00bb0&#8243; width=\u00bb1\/1&#8243; column_width_pixel=\u00bb700&#8243;][vc_custom_heading sub_reduced=\u00bbyes\u00bb text_align=\u00bbtext-center\u00bb subheading=\u00bbLa base de nuestro servicio es la fuerza y la profundidad de nuestros especialistas.<br \/>\nNuestros clientes pueden confiar en nuestra capacidad para recurrir a a\u00f1os de experiencia directa y resultados probados.\u00bb]Miembros del equipo directivo de MBC[\/vc_custom_heading][\/vc_column_inner][\/vc_row_inner][\/vc_column][\/vc_row][vc_row unlock_row_content=\u00bbyes\u00bb row_height_percent=\u00bb0&#8243; override_padding=\u00bbyes\u00bb h_padding=\u00bb0&#8243; top_padding=\u00bb0&#8243; bottom_padding=\u00bb0&#8243; overlay_alpha=\u00bb100&#8243; equal_height=\u00bbyes\u00bb gutter_size=\u00bb0&#8243; column_width_percent=\u00bb100&#8243; shift_y=\u00bb0&#8243; z_index=\u00bb0&#8243; desktop_visibility=\u00bbyes\u00bb medium_visibility=\u00bbyes\u00bb mobile_visibility=\u00bbyes\u00bb style=\u00bbinherited\u00bb row_name=\u00bbOur Team\u00bb][vc_column column_width_percent=\u00bb100&#8243; position_horizontal=\u00bbleft\u00bb position_vertical=\u00bbmiddle\u00bb gutter_size=\u00bb3&#8243; override_padding=\u00bbyes\u00bb column_padding=\u00bb0&#8243; style=\u00bbdark\u00bb overlay_alpha=\u00bb100&#8243; shift_x=\u00bb0&#8243; shift_y=\u00bb0&#8243; medium_width=\u00bb0&#8243; zoom_width=\u00bb0&#8243; zoom_height=\u00bb0&#8243; width=\u00bb1\/1&#8243;][vc_gallery el_id=\u00bbgallery-1&#8243; type=\u00bbcarousel\u00bb medias=\u00bb79214,79215&#8243; carousel_lg=\u00bb5&#8243; carousel_md=\u00bb3&#8243; carousel_sm=\u00bb1&#8243; thumb_size=\u00bbone-one\u00bb gutter_size=\u00bb0&#8243; media_items=\u00bbmedia|lightbox|original,title,caption,sep-one|reduced,team-social\u00bb carousel_interval=\u00bb0&#8243; carousel_navspeed=\u00bb400&#8243; carousel_dots=\u00bbyes\u00bb carousel_dots_inside=\u00bbyes\u00bb stage_padding=\u00bb0&#8243; single_back_color=\u00bbaccent\u00bb single_overlay_color=\u00bbaccent\u00bb single_overlay_opacity=\u00bb90&#8243; single_image_anim=\u00bbno\u00bb single_h_align=\u00bbcenter\u00bb single_padding=\u00bb2&#8243; single_text_reduced=\u00bbyes\u00bb single_title_dimension=\u00bbh4&#8243; single_border=\u00bbyes\u00bb][\/vc_column][\/vc_row][vc_row row_height_percent=\u00bb45&#8243; override_padding=\u00bbyes\u00bb h_padding=\u00bb2&#8243; top_padding=\u00bb0&#8243; bottom_padding=\u00bb0&#8243; back_image=\u00bb79727&#8243; back_repeat=\u00bbno-repeat\u00bb back_position=\u00bbcenter center\u00bb parallax=\u00bbyes\u00bb kburns=\u00bbyes\u00bb overlay_color=\u00bbcolor-163065&#8243; overlay_alpha=\u00bb45&#8243; gutter_size=\u00bb3&#8243; column_width_percent=\u00bb100&#8243; shift_y=\u00bb0&#8243; z_index=\u00bb0&#8243; row_height_pixel=\u00bb200&#8243; css=\u00bb.vc_custom_1732123617903{margin-top: 3% !important;}\u00bb][vc_column column_width_percent=\u00bb100&#8243; position_vertical=\u00bbmiddle\u00bb align_horizontal=\u00bbalign_center\u00bb gutter_size=\u00bb3&#8243; overlay_alpha=\u00bb50&#8243; shift_x=\u00bb0&#8243; shift_y=\u00bb0&#8243; shift_y_down=\u00bb0&#8243; z_index=\u00bb0&#8243; medium_width=\u00bb0&#8243; mobile_width=\u00bb0&#8243; css_animation=\u00bbright-t-left\u00bb width=\u00bb1\/1&#8243;][vc_row_inner limit_content=\u00bb\u00bb][vc_column_inner column_width_percent=\u00bb100&#8243; position_vertical=\u00bbmiddle\u00bb gutter_size=\u00bb3&#8243; overlay_alpha=\u00bb50&#8243; shift_x=\u00bb0&#8243; shift_y=\u00bb0&#8243; shift_y_down=\u00bb0&#8243; z_index=\u00bb0&#8243; medium_width=\u00bb0&#8243; mobile_width=\u00bb0&#8243; width=\u00bb1\/2&#8243;][vc_custom_heading text_size=\u00bbfontsize-123990&#8243; text_weight=\u00bb500&#8243; text_height=\u00bbfontheight-187485&#8243; text_color=\u00bbcolor-154613&#8243;]Servicios[\/vc_custom_heading][vc_column_text css=\u00bb.vc_custom_1732794339312{padding-top: 0px !important;padding-bottom: 0px !important;}\u00bb]<span style=\"color: #ffffff;\">Conseguimos un impacto duradero para nuestros clientes, ya sea mediante el crecimiento, la transformaci\u00f3n digital o la mejora del rendimiento, el dise\u00f1o y la implantaci\u00f3n de organizaciones.<\/span>[\/vc_column_text][vc_button button_color=\u00bbaccent\u00bb radius=\u00bbbtn-square\u00bb outline=\u00bbyes\u00bb border_width=\u00bb1&#8243; link=\u00bburl:https%3A%2F%2Fmaybusiness.co.uk%2Fes%2Fservicios%2F|title:Empleo\u00bb]Explora los servicios[\/vc_button][\/vc_column_inner][vc_column_inner width=\u00bb1\/2&#8243;][\/vc_column_inner][\/vc_row_inner][\/vc_column][\/vc_row]<\/p>\n","protected":false},"excerpt":{"rendered":"<p>[vc_row unlock_row_content=\u00bbyes\u00bb row_height_percent=\u00bb45&#8243; override_padding=\u00bbyes\u00bb h_padding=\u00bb0&#8243; top_padding=\u00bb2&#8243; bottom_padding=\u00bb0&#8243; overlay_alpha=\u00bb50&#8243; gutter_size=\u00bb3&#8243; column_width_percent=\u00bb100&#8243; shift_y=\u00bb0&#8243; z_index=\u00bb0&#8243;][vc_column column_width_percent=\u00bb100&#8243; gutter_size=\u00bb3&#8243; expand_height=\u00bbyes\u00bb back_image=\u00bb79756&#8243; overlay_alpha=\u00bb50&#8243; shift_x=\u00bb0&#8243; shift_y=\u00bb0&#8243; shift_y_down=\u00bb0&#8243; [&hellip;]<\/p>\n","protected":false},"author":6,"featured_media":79358,"parent":0,"menu_order":0,"comment_status":"open","ping_status":"closed","template":"","meta":{"footnotes":""},"class_list":["post-79653","page","type-page","status-publish","has-post-thumbnail","hentry"],"yoast_head":"<!-- This site is optimized with the Yoast SEO plugin v23.5 - https:\/\/yoast.com\/wordpress\/plugins\/seo\/ -->\n<title>Acerca de MBC - May Business Consulting<\/title>\n<meta name=\"description\" content=\"May Business Consulting es una consultora internacional din\u00e1mica con sede en Espa\u00f1a y Milton Keynes. Prestamos servicios de asesoramiento en gesti\u00f3n empresarial.\" \/>\n<meta name=\"robots\" content=\"index, follow, max-snippet:-1, max-image-preview:large, max-video-preview:-1\" \/>\n<link rel=\"canonical\" href=\"https:\/\/maybusiness.co.uk\/es\/nuestro-trabajo\/\" \/>\n<meta property=\"og:locale\" content=\"es_ES\" \/>\n<meta property=\"og:type\" content=\"article\" \/>\n<meta property=\"og:title\" content=\"Acerca de MBC - May Business Consulting\" \/>\n<meta property=\"og:description\" content=\"May Business Consulting es una consultora internacional din\u00e1mica con sede en Espa\u00f1a y Milton Keynes. Prestamos servicios de asesoramiento en gesti\u00f3n empresarial.\" \/>\n<meta property=\"og:url\" content=\"https:\/\/maybusiness.co.uk\/es\/nuestro-trabajo\/\" \/>\n<meta property=\"og:site_name\" content=\"May Business Consulting\" \/>\n<meta property=\"article:modified_time\" content=\"2024-11-28T11:46:28+00:00\" \/>\n<meta property=\"og:image\" content=\"https:\/\/maybusiness.co.uk\/wp-content\/uploads\/2019\/07\/may-business-consulting.jpg\" \/>\n\t<meta property=\"og:image:width\" content=\"1000\" \/>\n\t<meta property=\"og:image:height\" content=\"667\" \/>\n\t<meta property=\"og:image:type\" content=\"image\/jpeg\" \/>\n<meta name=\"twitter:card\" content=\"summary_large_image\" \/>\n<meta name=\"twitter:label1\" content=\"Tiempo de lectura\" \/>\n\t<meta name=\"twitter:data1\" content=\"4 minutos\" \/>\n<script type=\"application\/ld+json\" class=\"yoast-schema-graph\">{\"@context\":\"https:\/\/schema.org\",\"@graph\":[{\"@type\":\"WebPage\",\"@id\":\"https:\/\/maybusiness.co.uk\/es\/nuestro-trabajo\/\",\"url\":\"https:\/\/maybusiness.co.uk\/es\/nuestro-trabajo\/\",\"name\":\"Acerca de MBC - May Business Consulting\",\"isPartOf\":{\"@id\":\"https:\/\/maybusiness.co.uk\/es\/#website\"},\"primaryImageOfPage\":{\"@id\":\"https:\/\/maybusiness.co.uk\/es\/nuestro-trabajo\/#primaryimage\"},\"image\":{\"@id\":\"https:\/\/maybusiness.co.uk\/es\/nuestro-trabajo\/#primaryimage\"},\"thumbnailUrl\":\"https:\/\/maybusiness.co.uk\/wp-content\/uploads\/2019\/07\/may-business-consulting.jpg\",\"datePublished\":\"2024-10-18T08:33:33+00:00\",\"dateModified\":\"2024-11-28T11:46:28+00:00\",\"description\":\"May Business Consulting es una consultora internacional din\u00e1mica con sede en Espa\u00f1a y Milton Keynes. Prestamos servicios de asesoramiento en gesti\u00f3n empresarial.\",\"breadcrumb\":{\"@id\":\"https:\/\/maybusiness.co.uk\/es\/nuestro-trabajo\/#breadcrumb\"},\"inLanguage\":\"es\",\"potentialAction\":[{\"@type\":\"ReadAction\",\"target\":[\"https:\/\/maybusiness.co.uk\/es\/nuestro-trabajo\/\"]}]},{\"@type\":\"ImageObject\",\"inLanguage\":\"es\",\"@id\":\"https:\/\/maybusiness.co.uk\/es\/nuestro-trabajo\/#primaryimage\",\"url\":\"https:\/\/maybusiness.co.uk\/wp-content\/uploads\/2019\/07\/may-business-consulting.jpg\",\"contentUrl\":\"https:\/\/maybusiness.co.uk\/wp-content\/uploads\/2019\/07\/may-business-consulting.jpg\",\"width\":1000,\"height\":667,\"caption\":\"May Business Consulting\"},{\"@type\":\"BreadcrumbList\",\"@id\":\"https:\/\/maybusiness.co.uk\/es\/nuestro-trabajo\/#breadcrumb\",\"itemListElement\":[{\"@type\":\"ListItem\",\"position\":1,\"name\":\"Home\",\"item\":\"https:\/\/maybusiness.co.uk\/es\/\"},{\"@type\":\"ListItem\",\"position\":2,\"name\":\"Nuestro trabajo\"}]},{\"@type\":\"WebSite\",\"@id\":\"https:\/\/maybusiness.co.uk\/es\/#website\",\"url\":\"https:\/\/maybusiness.co.uk\/es\/\",\"name\":\"May Business Consulting\",\"description\":\"MBC is a dynamic Professional Management Consultancy solving problems for global leaders and local SMEs.\",\"publisher\":{\"@id\":\"https:\/\/maybusiness.co.uk\/es\/#organization\"},\"potentialAction\":[{\"@type\":\"SearchAction\",\"target\":{\"@type\":\"EntryPoint\",\"urlTemplate\":\"https:\/\/maybusiness.co.uk\/es\/?s={search_term_string}\"},\"query-input\":{\"@type\":\"PropertyValueSpecification\",\"valueRequired\":true,\"valueName\":\"search_term_string\"}}],\"inLanguage\":\"es\"},{\"@type\":\"Organization\",\"@id\":\"https:\/\/maybusiness.co.uk\/es\/#organization\",\"name\":\"May Business Consulting\",\"url\":\"https:\/\/maybusiness.co.uk\/es\/\",\"logo\":{\"@type\":\"ImageObject\",\"inLanguage\":\"es\",\"@id\":\"https:\/\/maybusiness.co.uk\/es\/#\/schema\/logo\/image\/\",\"url\":\"https:\/\/maybusiness.co.uk\/wp-content\/uploads\/2019\/03\/MBC-Logo-Grey.svg\",\"contentUrl\":\"https:\/\/maybusiness.co.uk\/wp-content\/uploads\/2019\/03\/MBC-Logo-Grey.svg\",\"width\":100,\"height\":1,\"caption\":\"May Business Consulting\"},\"image\":{\"@id\":\"https:\/\/maybusiness.co.uk\/es\/#\/schema\/logo\/image\/\"},\"sameAs\":[\"https:\/\/www.linkedin.com\/company\/may-business-consulting\"]}]}<\/script>\n<!-- \/ Yoast SEO plugin. -->","yoast_head_json":{"title":"Acerca de MBC - May Business Consulting","description":"May Business Consulting es una consultora internacional din\u00e1mica con sede en Espa\u00f1a y Milton Keynes. Prestamos servicios de asesoramiento en gesti\u00f3n empresarial.","robots":{"index":"index","follow":"follow","max-snippet":"max-snippet:-1","max-image-preview":"max-image-preview:large","max-video-preview":"max-video-preview:-1"},"canonical":"https:\/\/maybusiness.co.uk\/es\/nuestro-trabajo\/","og_locale":"es_ES","og_type":"article","og_title":"Acerca de MBC - May Business Consulting","og_description":"May Business Consulting es una consultora internacional din\u00e1mica con sede en Espa\u00f1a y Milton Keynes. Prestamos servicios de asesoramiento en gesti\u00f3n empresarial.","og_url":"https:\/\/maybusiness.co.uk\/es\/nuestro-trabajo\/","og_site_name":"May Business Consulting","article_modified_time":"2024-11-28T11:46:28+00:00","og_image":[{"width":1000,"height":667,"url":"https:\/\/maybusiness.co.uk\/wp-content\/uploads\/2019\/07\/may-business-consulting.jpg","type":"image\/jpeg"}],"twitter_card":"summary_large_image","twitter_misc":{"Tiempo de lectura":"4 minutos"},"schema":{"@context":"https:\/\/schema.org","@graph":[{"@type":"WebPage","@id":"https:\/\/maybusiness.co.uk\/es\/nuestro-trabajo\/","url":"https:\/\/maybusiness.co.uk\/es\/nuestro-trabajo\/","name":"Acerca de MBC - May Business Consulting","isPartOf":{"@id":"https:\/\/maybusiness.co.uk\/es\/#website"},"primaryImageOfPage":{"@id":"https:\/\/maybusiness.co.uk\/es\/nuestro-trabajo\/#primaryimage"},"image":{"@id":"https:\/\/maybusiness.co.uk\/es\/nuestro-trabajo\/#primaryimage"},"thumbnailUrl":"https:\/\/maybusiness.co.uk\/wp-content\/uploads\/2019\/07\/may-business-consulting.jpg","datePublished":"2024-10-18T08:33:33+00:00","dateModified":"2024-11-28T11:46:28+00:00","description":"May Business Consulting es una consultora internacional din\u00e1mica con sede en Espa\u00f1a y Milton Keynes. Prestamos servicios de asesoramiento en gesti\u00f3n empresarial.","breadcrumb":{"@id":"https:\/\/maybusiness.co.uk\/es\/nuestro-trabajo\/#breadcrumb"},"inLanguage":"es","potentialAction":[{"@type":"ReadAction","target":["https:\/\/maybusiness.co.uk\/es\/nuestro-trabajo\/"]}]},{"@type":"ImageObject","inLanguage":"es","@id":"https:\/\/maybusiness.co.uk\/es\/nuestro-trabajo\/#primaryimage","url":"https:\/\/maybusiness.co.uk\/wp-content\/uploads\/2019\/07\/may-business-consulting.jpg","contentUrl":"https:\/\/maybusiness.co.uk\/wp-content\/uploads\/2019\/07\/may-business-consulting.jpg","width":1000,"height":667,"caption":"May Business Consulting"},{"@type":"BreadcrumbList","@id":"https:\/\/maybusiness.co.uk\/es\/nuestro-trabajo\/#breadcrumb","itemListElement":[{"@type":"ListItem","position":1,"name":"Home","item":"https:\/\/maybusiness.co.uk\/es\/"},{"@type":"ListItem","position":2,"name":"Nuestro trabajo"}]},{"@type":"WebSite","@id":"https:\/\/maybusiness.co.uk\/es\/#website","url":"https:\/\/maybusiness.co.uk\/es\/","name":"May Business Consulting","description":"MBC is a dynamic Professional Management Consultancy solving problems for global leaders and local SMEs.","publisher":{"@id":"https:\/\/maybusiness.co.uk\/es\/#organization"},"potentialAction":[{"@type":"SearchAction","target":{"@type":"EntryPoint","urlTemplate":"https:\/\/maybusiness.co.uk\/es\/?s={search_term_string}"},"query-input":{"@type":"PropertyValueSpecification","valueRequired":true,"valueName":"search_term_string"}}],"inLanguage":"es"},{"@type":"Organization","@id":"https:\/\/maybusiness.co.uk\/es\/#organization","name":"May Business Consulting","url":"https:\/\/maybusiness.co.uk\/es\/","logo":{"@type":"ImageObject","inLanguage":"es","@id":"https:\/\/maybusiness.co.uk\/es\/#\/schema\/logo\/image\/","url":"https:\/\/maybusiness.co.uk\/wp-content\/uploads\/2019\/03\/MBC-Logo-Grey.svg","contentUrl":"https:\/\/maybusiness.co.uk\/wp-content\/uploads\/2019\/03\/MBC-Logo-Grey.svg","width":100,"height":1,"caption":"May Business Consulting"},"image":{"@id":"https:\/\/maybusiness.co.uk\/es\/#\/schema\/logo\/image\/"},"sameAs":["https:\/\/www.linkedin.com\/company\/may-business-consulting"]}]}},"_links":{"self":[{"href":"https:\/\/maybusiness.co.uk\/es\/wp-json\/wp\/v2\/pages\/79653","targetHints":{"allow":["GET"]}}],"collection":[{"href":"https:\/\/maybusiness.co.uk\/es\/wp-json\/wp\/v2\/pages"}],"about":[{"href":"https:\/\/maybusiness.co.uk\/es\/wp-json\/wp\/v2\/types\/page"}],"author":[{"embeddable":true,"href":"https:\/\/maybusiness.co.uk\/es\/wp-json\/wp\/v2\/users\/6"}],"replies":[{"embeddable":true,"href":"https:\/\/maybusiness.co.uk\/es\/wp-json\/wp\/v2\/comments?post=79653"}],"version-history":[{"count":0,"href":"https:\/\/maybusiness.co.uk\/es\/wp-json\/wp\/v2\/pages\/79653\/revisions"}],"wp:featuredmedia":[{"embeddable":true,"href":"https:\/\/maybusiness.co.uk\/es\/wp-json\/wp\/v2\/media\/79358"}],"wp:attachment":[{"href":"https:\/\/maybusiness.co.uk\/es\/wp-json\/wp\/v2\/media?parent=79653"}],"curies":[{"name":"wp","href":"https:\/\/api.w.org\/{rel}","templated":true}]}}