{"id":79656,"date":"2024-10-18T08:38:00","date_gmt":"2024-10-18T08:38:00","guid":{"rendered":"https:\/\/maybusiness.co.uk\/nuestra-gente\/"},"modified":"2024-12-03T16:24:46","modified_gmt":"2024-12-03T16:24:46","slug":"nuestra-gente","status":"publish","type":"page","link":"https:\/\/maybusiness.co.uk\/es\/nuestra-gente\/","title":{"rendered":"Nuestra gente"},"content":{"rendered":"<p>[vc_row unlock_row_content=\u00bbyes\u00bb row_height_percent=\u00bb45&#8243; override_padding=\u00bbyes\u00bb h_padding=\u00bb0&#8243; top_padding=\u00bb2&#8243; bottom_padding=\u00bb0&#8243; overlay_alpha=\u00bb50&#8243; gutter_size=\u00bb3&#8243; column_width_percent=\u00bb100&#8243; shift_y=\u00bb0&#8243; z_index=\u00bb0&#8243;][vc_column column_width_percent=\u00bb100&#8243; gutter_size=\u00bb3&#8243; override_padding=\u00bbyes\u00bb column_padding=\u00bb0&#8243; expand_height=\u00bbyes\u00bb back_image=\u00bb79854&#8243; overlay_alpha=\u00bb50&#8243; shift_x=\u00bb0&#8243; shift_y=\u00bb0&#8243; shift_y_down=\u00bb0&#8243; z_index=\u00bb0&#8243; medium_width=\u00bb0&#8243; mobile_width=\u00bb0&#8243; width=\u00bb1\/2&#8243;][vc_empty_space empty_h=\u00bb5&#8243; desktop_visibility=\u00bbyes\u00bb][vc_empty_space empty_h=\u00bb5&#8243; desktop_visibility=\u00bbyes\u00bb][\/vc_column][vc_column column_width_percent=\u00bb100&#8243; position_vertical=\u00bbbottom\u00bb gutter_size=\u00bb3&#8243; override_padding=\u00bbyes\u00bb column_padding=\u00bb4&#8243; expand_height=\u00bbyes\u00bb overlay_color=\u00bbcolor-xsdn\u00bb overlay_alpha=\u00bb85&#8243; border_color=\u00bbaccent\u00bb border_style=\u00bbsolid\u00bb shift_x=\u00bb-2&#8243; shift_y=\u00bb0&#8243; shift_y_down=\u00bb0&#8243; z_index=\u00bb0&#8243; medium_width=\u00bb0&#8243; mobile_width=\u00bb0&#8243; css_animation=\u00bbright-t-left\u00bb width=\u00bb1\/2&#8243; css=\u00bb.vc_custom_1731576157344{border-left-width: 15px !important;}\u00bb][vc_custom_heading text_size=\u00bbfontsize-193085&#8243; text_weight=\u00bb600&#8243; text_color=\u00bbcolor-210329&#8243;]Nuestra gente[\/vc_custom_heading][vc_column_text]<span style=\"color: #000000;\">May Business Consulting da un giro \u00fanico a la consultor\u00eda de gesti\u00f3n con equipos h\u00edbridos: consultores independientes unidos de manera experta con nuestros socios y analistas internos. Nuestra profunda y diversa experiencia nos permite seleccionar meticulosamente equipos centrados en resultados. Encontraremos l\u00edderes interinos para reforzar tu \u00e9xito. <\/span>[\/vc_column_text][\/vc_column][\/vc_row][vc_row][vc_column column_width_percent=\u00bb100&#8243; align_horizontal=\u00bbalign_center\u00bb gutter_size=\u00bb3&#8243; overlay_alpha=\u00bb50&#8243; shift_x=\u00bb0&#8243; shift_y=\u00bb0&#8243; shift_y_down=\u00bb0&#8243; z_index=\u00bb0&#8243; medium_width=\u00bb0&#8243; mobile_width=\u00bb0&#8243; width=\u00bb1\/1&#8243;][vc_custom_heading]MBC Team[\/vc_custom_heading][vc_column_text]<span style=\"color: #000000;\">Nuestro equipo interno incluye socios que dirigen nuestro trabajo con los clientes; analistas y consultores asociados, que trabajan junto a nuestros consultores independientes. el Equipo de RRHH, que atrae y selecciona a nuestros consultores y expertos independientes.<\/span>[\/vc_column_text][\/vc_column][\/vc_row][vc_row row_height_percent=\u00bb0&#8243; overlay_alpha=\u00bb50&#8243; gutter_size=\u00bb3&#8243; column_width_percent=\u00bb100&#8243; shift_y=\u00bb0&#8243; z_index=\u00bb0&#8243;][vc_column width=\u00bb1\/4&#8243;][vc_single_image media=\u00bb79815&#8243; media_width_percent=\u00bb100&#8243; media_ratio=\u00bbone-one\u00bb][vc_custom_heading text_size=\u00bbh3&#8243;]\u00c1ngel Sainz de la Cruz[\/vc_custom_heading][vc_column_text css=\u00bb.vc_custom_1716560091031{margin-top: 0px !important;padding-top: 0px !important;}\u00bb]Socio Director, MBC[\/vc_column_text][vc_accordion][vc_accordion_tab gutter_size=\u00bb2&#8243; column_padding=\u00bb2&#8243; title=\u00bbLeer biograf\u00eda\u00bb tab_id=\u00bb1732116257-1-39&#8243;][vc_column_text]Como socio de May Business Consulting, aporto m\u00e1s de 15 a\u00f1os de experiencia en finanzas, banca, TI, telecomunicaciones y transporte para impulsar la transformaci\u00f3n digital, el crecimiento estrat\u00e9gico y la eficiencia operativa. Lidero con un enfoque centrado en el cliente, asegur\u00e1ndome de que cada proyecto se alinee con la visi\u00f3n de nuestros clientes y genere un impacto duradero.<\/p>\n<p>En May Business Consulting, capacitamos a las empresas para que se adapten, crezcan y lideren al abordar desaf\u00edos complejos y dise\u00f1ar estrategias con visi\u00f3n de futuro. Mi filosof\u00eda de liderazgo enfatiza la comunicaci\u00f3n abierta, la tutor\u00eda y la excelencia, fomentando una cultura donde nuestra gente y nuestros clientes prosperan.<\/p>\n<p>Apasionado por crear cambios significativos, me dedico a construir asociaciones s\u00f3lidas e inspirar el crecimiento tanto para equipos como para empresas listas para sobresalir.[\/vc_column_text][\/vc_accordion_tab][\/vc_accordion][\/vc_column][vc_column width=\u00bb1\/4&#8243;][vc_single_image media=\u00bb79836&#8243; media_width_percent=\u00bb100&#8243; media_ratio=\u00bbone-one\u00bb][vc_custom_heading text_size=\u00bbh3&#8243;]Richard Bowden[\/vc_custom_heading][vc_column_text css=\u00bb.vc_custom_1716559975165{margin-top: 0px !important;padding-top: 0px !important;}\u00bb]Socio de MBC UK[\/vc_column_text][vc_accordion][vc_accordion_tab gutter_size=\u00bb2&#8243; column_padding=\u00bb2&#8243; title=\u00bbLeer biograf\u00eda\u00bb tab_id=\u00bb1732116418-1-2&#8243;][vc_column_text]Con 25 a\u00f1os de experiencia navegando por panoramas complejos en los consultores Big4, servicios financieros y transformaciones importantes, Richard es un l\u00edder comprobado que ha operado a nivel de director de operaciones y director de tecnolog\u00eda y se esfuerza por impulsar cambios impactantes. A lo largo de su viaje, Richard ha quedado fascinado por la psicolog\u00eda y las t\u00e9cnicas necesarias para luchar por un alto rendimiento, tanto en la vida como en los negocios. Aprovechando todas estas habilidades, Richard trabaja con empresas grandes y peque\u00f1as que crecen r\u00e1pidamente y luchan por alinear el ritmo del cambio con culturas y comportamientos s\u00f3lidos.<br \/>\nRichard lidera el equipo de Transformaci\u00f3n de MBC y ayuda a los clientes a lograr los mejores resultados de sus inversiones en cambio.<br \/>\nRichard leads the MBC Transformation team, helping clients achieve the very best outcomes from their change investments.[\/vc_column_text][\/vc_accordion_tab][\/vc_accordion][\/vc_column][vc_column width=\u00bb1\/4&#8243;][vc_single_image media=\u00bb79798&#8243; media_width_percent=\u00bb100&#8243;][vc_custom_heading text_size=\u00bbh3&#8243;]Alfonso Cruz Navarro[\/vc_custom_heading][vc_accordion][vc_accordion_tab gutter_size=\u00bb2&#8243; column_padding=\u00bb2&#8243; title=\u00bbLeer biograf\u00eda\u00bb tab_id=\u00bb1732116130-1-65&#8243;][vc_column_text]Profesional con m\u00e1s de 15 a\u00f1os de experiencia asesorando a empresas tanto del sector p\u00fablico como privado. Se licenci\u00f3 en Derecho por la Universidad de Sevilla y complet\u00f3 sus estudios en la Universidad de Leipzig, Alemania. Tiene un M\u00e1ster en Direcci\u00f3n de Recursos Humanos por el Instituto de Estudios Cajasol y recientemente ha finalizado el Executive Development Program en IESE Business School.<\/p>\n<p>Apasionado de la consultor\u00eda estrat\u00e9gica y los recursos humanos, es Director de Operaciones y Talento de May Business Consulting. Su principal objetivo es alinear la funci\u00f3n de recursos humanos con los objetivos estrat\u00e9gicos de la compa\u00f1\u00eda, mejorar su presencia en el sector financiero y atraer el mejor talento.[\/vc_column_text][\/vc_accordion_tab][\/vc_accordion][\/vc_column][vc_column width=\u00bb1\/4&#8243;][vc_single_image media=\u00bb79800&#8243; media_width_percent=\u00bb100&#8243; media_ratio=\u00bbone-one\u00bb][vc_custom_heading text_size=\u00bbh3&#8243;]Paco Mart\u00ednez[\/vc_custom_heading][vc_accordion][vc_accordion_tab gutter_size=\u00bb2&#8243; column_padding=\u00bb2&#8243; title=\u00bbLeer biograf\u00eda\u00bb tab_id=\u00bb1732116005-1-63&#8243;][vc_column_text]Profesional con m\u00e1s de 30 a\u00f1os de experiencia en el sector financiero, desempe\u00f1ando cargos de alta direcci\u00f3n tanto a nivel local como corporativo. Experiencia en el mundo operativo, financiero y contable, con experiencia en procesos de eficiencia y transformaci\u00f3n operativa, tanto en Europa como en Am\u00e9rica.<\/p>\n<p>Licenciado en Econom\u00eda y M\u00e1ster en Mercados Financieros por la Universidad Aut\u00f3noma de Madrid. Programa de Desarrollo Directivo del Insead y Programa de Direcci\u00f3n General del IESE.<\/p>\n<p>Programas de Gesti\u00f3n y Big Data del CEU.<\/p>\n<p>Nuestro objetivo es ayudar a las empresas a alcanzar sus objetivos y estar a su lado en este proceso, tanto contribuyendo a los proyectos como buscando personas en puestos clave que puedan aportar valor al proceso.[\/vc_column_text][\/vc_accordion_tab][\/vc_accordion][\/vc_column][\/vc_row][vc_row][vc_column column_width_percent=\u00bb100&#8243; align_horizontal=\u00bbalign_center\u00bb gutter_size=\u00bb3&#8243; overlay_alpha=\u00bb50&#8243; shift_x=\u00bb0&#8243; shift_y=\u00bb0&#8243; shift_y_down=\u00bb0&#8243; z_index=\u00bb0&#8243; medium_width=\u00bb0&#8243; mobile_width=\u00bb0&#8243; width=\u00bb1\/1&#8243;][vc_custom_heading]El equipo interno[\/vc_custom_heading][vc_row_inner limit_content=\u00bb\u00bb][vc_column_inner width=\u00bb1\/3&#8243;][vc_single_image media=\u00bb79575&#8243; media_width_percent=\u00bb100&#8243;][\/vc_column_inner][\/vc_row_inner][\/vc_column][\/vc_row]<\/p>\n","protected":false},"excerpt":{"rendered":"<p>[vc_row unlock_row_content=\u00bbyes\u00bb row_height_percent=\u00bb45&#8243; override_padding=\u00bbyes\u00bb h_padding=\u00bb0&#8243; top_padding=\u00bb2&#8243; bottom_padding=\u00bb0&#8243; overlay_alpha=\u00bb50&#8243; gutter_size=\u00bb3&#8243; column_width_percent=\u00bb100&#8243; shift_y=\u00bb0&#8243; z_index=\u00bb0&#8243;][vc_column column_width_percent=\u00bb100&#8243; gutter_size=\u00bb3&#8243; override_padding=\u00bbyes\u00bb column_padding=\u00bb0&#8243; expand_height=\u00bbyes\u00bb back_image=\u00bb79854&#8243; overlay_alpha=\u00bb50&#8243; shift_x=\u00bb0&#8243; [&hellip;]<\/p>\n","protected":false},"author":6,"featured_media":0,"parent":0,"menu_order":0,"comment_status":"closed","ping_status":"closed","template":"","meta":{"footnotes":""},"class_list":["post-79656","page","type-page","status-publish","hentry"],"yoast_head":"<!-- This site is optimized with the Yoast SEO plugin v23.5 - https:\/\/yoast.com\/wordpress\/plugins\/seo\/ -->\n<title>Nuestra gente - May Business Consulting<\/title>\n<meta name=\"robots\" content=\"index, follow, max-snippet:-1, max-image-preview:large, max-video-preview:-1\" \/>\n<link rel=\"canonical\" href=\"https:\/\/maybusiness.co.uk\/es\/nuestra-gente\/\" \/>\n<meta property=\"og:locale\" content=\"es_ES\" \/>\n<meta property=\"og:type\" content=\"article\" \/>\n<meta property=\"og:title\" content=\"Nuestra gente - May Business Consulting\" \/>\n<meta property=\"og:description\" content=\"[vc_row unlock_row_content=\u00bbyes\u00bb row_height_percent=\u00bb45&#8243; override_padding=\u00bbyes\u00bb h_padding=\u00bb0&#8243; top_padding=\u00bb2&#8243; bottom_padding=\u00bb0&#8243; overlay_alpha=\u00bb50&#8243; gutter_size=\u00bb3&#8243; column_width_percent=\u00bb100&#8243; shift_y=\u00bb0&#8243; z_index=\u00bb0&#8243;][vc_column column_width_percent=\u00bb100&#8243; gutter_size=\u00bb3&#8243; override_padding=\u00bbyes\u00bb column_padding=\u00bb0&#8243; expand_height=\u00bbyes\u00bb back_image=\u00bb79854&#8243; overlay_alpha=\u00bb50&#8243; shift_x=\u00bb0&#8243; [&hellip;]\" \/>\n<meta property=\"og:url\" content=\"https:\/\/maybusiness.co.uk\/es\/nuestra-gente\/\" \/>\n<meta property=\"og:site_name\" content=\"May Business Consulting\" \/>\n<meta property=\"article:modified_time\" content=\"2024-12-03T16:24:46+00:00\" \/>\n<meta name=\"twitter:card\" content=\"summary_large_image\" \/>\n<meta name=\"twitter:label1\" content=\"Tiempo de lectura\" \/>\n\t<meta name=\"twitter:data1\" content=\"4 minutos\" \/>\n<script type=\"application\/ld+json\" class=\"yoast-schema-graph\">{\"@context\":\"https:\/\/schema.org\",\"@graph\":[{\"@type\":\"WebPage\",\"@id\":\"https:\/\/maybusiness.co.uk\/es\/nuestra-gente\/\",\"url\":\"https:\/\/maybusiness.co.uk\/es\/nuestra-gente\/\",\"name\":\"Nuestra gente - May Business Consulting\",\"isPartOf\":{\"@id\":\"https:\/\/maybusiness.co.uk\/es\/#website\"},\"datePublished\":\"2024-10-18T08:38:00+00:00\",\"dateModified\":\"2024-12-03T16:24:46+00:00\",\"breadcrumb\":{\"@id\":\"https:\/\/maybusiness.co.uk\/es\/nuestra-gente\/#breadcrumb\"},\"inLanguage\":\"es\",\"potentialAction\":[{\"@type\":\"ReadAction\",\"target\":[\"https:\/\/maybusiness.co.uk\/es\/nuestra-gente\/\"]}]},{\"@type\":\"BreadcrumbList\",\"@id\":\"https:\/\/maybusiness.co.uk\/es\/nuestra-gente\/#breadcrumb\",\"itemListElement\":[{\"@type\":\"ListItem\",\"position\":1,\"name\":\"Home\",\"item\":\"https:\/\/maybusiness.co.uk\/es\/\"},{\"@type\":\"ListItem\",\"position\":2,\"name\":\"Nuestra gente\"}]},{\"@type\":\"WebSite\",\"@id\":\"https:\/\/maybusiness.co.uk\/es\/#website\",\"url\":\"https:\/\/maybusiness.co.uk\/es\/\",\"name\":\"May Business Consulting\",\"description\":\"MBC is a dynamic Professional Management Consultancy solving problems for global leaders and local SMEs.\",\"publisher\":{\"@id\":\"https:\/\/maybusiness.co.uk\/es\/#organization\"},\"potentialAction\":[{\"@type\":\"SearchAction\",\"target\":{\"@type\":\"EntryPoint\",\"urlTemplate\":\"https:\/\/maybusiness.co.uk\/es\/?s={search_term_string}\"},\"query-input\":{\"@type\":\"PropertyValueSpecification\",\"valueRequired\":true,\"valueName\":\"search_term_string\"}}],\"inLanguage\":\"es\"},{\"@type\":\"Organization\",\"@id\":\"https:\/\/maybusiness.co.uk\/es\/#organization\",\"name\":\"May Business Consulting\",\"url\":\"https:\/\/maybusiness.co.uk\/es\/\",\"logo\":{\"@type\":\"ImageObject\",\"inLanguage\":\"es\",\"@id\":\"https:\/\/maybusiness.co.uk\/es\/#\/schema\/logo\/image\/\",\"url\":\"https:\/\/maybusiness.co.uk\/wp-content\/uploads\/2019\/03\/MBC-Logo-Grey.svg\",\"contentUrl\":\"https:\/\/maybusiness.co.uk\/wp-content\/uploads\/2019\/03\/MBC-Logo-Grey.svg\",\"width\":100,\"height\":1,\"caption\":\"May Business Consulting\"},\"image\":{\"@id\":\"https:\/\/maybusiness.co.uk\/es\/#\/schema\/logo\/image\/\"},\"sameAs\":[\"https:\/\/www.linkedin.com\/company\/may-business-consulting\"]}]}<\/script>\n<!-- \/ Yoast SEO plugin. -->","yoast_head_json":{"title":"Nuestra gente - May Business Consulting","robots":{"index":"index","follow":"follow","max-snippet":"max-snippet:-1","max-image-preview":"max-image-preview:large","max-video-preview":"max-video-preview:-1"},"canonical":"https:\/\/maybusiness.co.uk\/es\/nuestra-gente\/","og_locale":"es_ES","og_type":"article","og_title":"Nuestra gente - May Business Consulting","og_description":"[vc_row unlock_row_content=\u00bbyes\u00bb row_height_percent=\u00bb45&#8243; override_padding=\u00bbyes\u00bb h_padding=\u00bb0&#8243; top_padding=\u00bb2&#8243; bottom_padding=\u00bb0&#8243; overlay_alpha=\u00bb50&#8243; gutter_size=\u00bb3&#8243; column_width_percent=\u00bb100&#8243; shift_y=\u00bb0&#8243; z_index=\u00bb0&#8243;][vc_column column_width_percent=\u00bb100&#8243; gutter_size=\u00bb3&#8243; override_padding=\u00bbyes\u00bb column_padding=\u00bb0&#8243; expand_height=\u00bbyes\u00bb back_image=\u00bb79854&#8243; overlay_alpha=\u00bb50&#8243; shift_x=\u00bb0&#8243; [&hellip;]","og_url":"https:\/\/maybusiness.co.uk\/es\/nuestra-gente\/","og_site_name":"May Business Consulting","article_modified_time":"2024-12-03T16:24:46+00:00","twitter_card":"summary_large_image","twitter_misc":{"Tiempo de lectura":"4 minutos"},"schema":{"@context":"https:\/\/schema.org","@graph":[{"@type":"WebPage","@id":"https:\/\/maybusiness.co.uk\/es\/nuestra-gente\/","url":"https:\/\/maybusiness.co.uk\/es\/nuestra-gente\/","name":"Nuestra gente - May Business Consulting","isPartOf":{"@id":"https:\/\/maybusiness.co.uk\/es\/#website"},"datePublished":"2024-10-18T08:38:00+00:00","dateModified":"2024-12-03T16:24:46+00:00","breadcrumb":{"@id":"https:\/\/maybusiness.co.uk\/es\/nuestra-gente\/#breadcrumb"},"inLanguage":"es","potentialAction":[{"@type":"ReadAction","target":["https:\/\/maybusiness.co.uk\/es\/nuestra-gente\/"]}]},{"@type":"BreadcrumbList","@id":"https:\/\/maybusiness.co.uk\/es\/nuestra-gente\/#breadcrumb","itemListElement":[{"@type":"ListItem","position":1,"name":"Home","item":"https:\/\/maybusiness.co.uk\/es\/"},{"@type":"ListItem","position":2,"name":"Nuestra gente"}]},{"@type":"WebSite","@id":"https:\/\/maybusiness.co.uk\/es\/#website","url":"https:\/\/maybusiness.co.uk\/es\/","name":"May Business Consulting","description":"MBC is a dynamic Professional Management Consultancy solving problems for global leaders and local SMEs.","publisher":{"@id":"https:\/\/maybusiness.co.uk\/es\/#organization"},"potentialAction":[{"@type":"SearchAction","target":{"@type":"EntryPoint","urlTemplate":"https:\/\/maybusiness.co.uk\/es\/?s={search_term_string}"},"query-input":{"@type":"PropertyValueSpecification","valueRequired":true,"valueName":"search_term_string"}}],"inLanguage":"es"},{"@type":"Organization","@id":"https:\/\/maybusiness.co.uk\/es\/#organization","name":"May Business Consulting","url":"https:\/\/maybusiness.co.uk\/es\/","logo":{"@type":"ImageObject","inLanguage":"es","@id":"https:\/\/maybusiness.co.uk\/es\/#\/schema\/logo\/image\/","url":"https:\/\/maybusiness.co.uk\/wp-content\/uploads\/2019\/03\/MBC-Logo-Grey.svg","contentUrl":"https:\/\/maybusiness.co.uk\/wp-content\/uploads\/2019\/03\/MBC-Logo-Grey.svg","width":100,"height":1,"caption":"May Business Consulting"},"image":{"@id":"https:\/\/maybusiness.co.uk\/es\/#\/schema\/logo\/image\/"},"sameAs":["https:\/\/www.linkedin.com\/company\/may-business-consulting"]}]}},"_links":{"self":[{"href":"https:\/\/maybusiness.co.uk\/es\/wp-json\/wp\/v2\/pages\/79656","targetHints":{"allow":["GET"]}}],"collection":[{"href":"https:\/\/maybusiness.co.uk\/es\/wp-json\/wp\/v2\/pages"}],"about":[{"href":"https:\/\/maybusiness.co.uk\/es\/wp-json\/wp\/v2\/types\/page"}],"author":[{"embeddable":true,"href":"https:\/\/maybusiness.co.uk\/es\/wp-json\/wp\/v2\/users\/6"}],"replies":[{"embeddable":true,"href":"https:\/\/maybusiness.co.uk\/es\/wp-json\/wp\/v2\/comments?post=79656"}],"version-history":[{"count":0,"href":"https:\/\/maybusiness.co.uk\/es\/wp-json\/wp\/v2\/pages\/79656\/revisions"}],"wp:attachment":[{"href":"https:\/\/maybusiness.co.uk\/es\/wp-json\/wp\/v2\/media?parent=79656"}],"curies":[{"name":"wp","href":"https:\/\/api.w.org\/{rel}","templated":true}]}}