{"id":79664,"date":"2024-10-18T08:45:01","date_gmt":"2024-10-18T08:45:01","guid":{"rendered":"https:\/\/maybusiness.co.uk\/perspectivas\/"},"modified":"2024-11-13T14:20:30","modified_gmt":"2024-11-13T14:20:30","slug":"perspectivas","status":"publish","type":"page","link":"https:\/\/maybusiness.co.uk\/es\/perspectivas\/","title":{"rendered":"Perspectiva MBC"},"content":{"rendered":"<p>[vc_row row_height_percent=\u00bb0&#8243; override_padding=\u00bbyes\u00bb h_padding=\u00bb2&#8243; top_padding=\u00bb4&#8243; bottom_padding=\u00bb2&#8243; overlay_alpha=\u00bb50&#8243; gutter_size=\u00bb4&#8243; column_width_percent=\u00bb100&#8243; shift_y=\u00bb0&#8243; z_index=\u00bb0&#8243;][vc_column column_width_percent=\u00bb100&#8243; gutter_size=\u00bb3&#8243; overlay_alpha=\u00bb50&#8243; shift_x=\u00bb0&#8243; shift_y=\u00bb0&#8243; shift_y_down=\u00bb0&#8243; z_index=\u00bb0&#8243; medium_width=\u00bb0&#8243; mobile_width=\u00bb0&#8243; width=\u00bb1\/1&#8243;][vc_custom_heading text_size=\u00bbfontsize-441288&#8243; text_weight=\u00bb400&#8243; separator=\u00bbyes\u00bb separator_color=\u00bbyes\u00bb]<span class=\"s2\">Una visi\u00f3n fresca de temas de actualidad y de nuestros \u00faltimos proyectos<\/span>[\/vc_custom_heading][vc_column_text]Echa un vistazo a nuestras \u00faltimos posts[\/vc_column_text][\/vc_column][\/vc_row][vc_row][vc_column width=\u00bb1\/1&#8243;][uncode_index el_id=\u00bbindex-210771&#8243; loop=\u00bbsize:10|order_by:date|post_type:post|taxonomy_count:10&#8243; gutter_size=\u00bb3&#8243; post_items=\u00bbtitle,sep-one|full,link|default|default_size|LEER M\u00c1S,category|nobg|relative|display-icon,text|excerpt,date,media|featured|onpost|original,author|sm_size|hide_qualification\u00bb screen_lg=\u00bb1000&#8243; screen_md=\u00bb600&#8243; screen_sm=\u00bb480&#8243; images_size=\u00bbthree-two\u00bb single_overlay_opacity=\u00bb50&#8243; single_padding=\u00bb2&#8243;][\/vc_column][\/vc_row]<\/p>\n","protected":false},"excerpt":{"rendered":"<p>[vc_row row_height_percent=\u00bb0&#8243; override_padding=\u00bbyes\u00bb h_padding=\u00bb2&#8243; top_padding=\u00bb4&#8243; bottom_padding=\u00bb2&#8243; overlay_alpha=\u00bb50&#8243; gutter_size=\u00bb4&#8243; column_width_percent=\u00bb100&#8243; shift_y=\u00bb0&#8243; z_index=\u00bb0&#8243;][vc_column column_width_percent=\u00bb100&#8243; gutter_size=\u00bb3&#8243; overlay_alpha=\u00bb50&#8243; shift_x=\u00bb0&#8243; shift_y=\u00bb0&#8243; shift_y_down=\u00bb0&#8243; z_index=\u00bb0&#8243; medium_width=\u00bb0&#8243; mobile_width=\u00bb0&#8243; [&hellip;]<\/p>\n","protected":false},"author":2,"featured_media":79358,"parent":0,"menu_order":0,"comment_status":"open","ping_status":"closed","template":"","meta":{"footnotes":""},"class_list":["post-79664","page","type-page","status-publish","has-post-thumbnail","hentry"],"yoast_head":"<!-- This site is optimized with the Yoast SEO plugin v23.5 - https:\/\/yoast.com\/wordpress\/plugins\/seo\/ -->\n<title>MBC Insights- May Business Consulting<\/title>\n<meta name=\"description\" content=\"May Business Consulting es una consultora internacional din\u00e1mica con sede en Espa\u00f1a y Milton Keynes. Prestamos servicios de asesoramiento en gesti\u00f3n empresarial.\" \/>\n<meta name=\"robots\" content=\"index, follow, max-snippet:-1, max-image-preview:large, max-video-preview:-1\" \/>\n<link rel=\"canonical\" href=\"https:\/\/maybusiness.co.uk\/es\/perspectivas\/\" \/>\n<meta property=\"og:locale\" content=\"es_ES\" \/>\n<meta property=\"og:type\" content=\"article\" \/>\n<meta property=\"og:title\" content=\"MBC Insights- May Business Consulting\" \/>\n<meta property=\"og:description\" content=\"May Business Consulting es una consultora internacional din\u00e1mica con sede en Espa\u00f1a y Milton Keynes. Prestamos servicios de asesoramiento en gesti\u00f3n empresarial.\" \/>\n<meta property=\"og:url\" content=\"https:\/\/maybusiness.co.uk\/es\/perspectivas\/\" \/>\n<meta property=\"og:site_name\" content=\"May Business Consulting\" \/>\n<meta property=\"article:modified_time\" content=\"2024-11-13T14:20:30+00:00\" \/>\n<meta property=\"og:image\" content=\"https:\/\/maybusiness.co.uk\/wp-content\/uploads\/2019\/07\/may-business-consulting.jpg\" \/>\n\t<meta property=\"og:image:width\" content=\"1000\" \/>\n\t<meta property=\"og:image:height\" content=\"667\" \/>\n\t<meta property=\"og:image:type\" content=\"image\/jpeg\" \/>\n<meta name=\"twitter:card\" content=\"summary_large_image\" \/>\n<meta name=\"twitter:label1\" content=\"Tiempo de lectura\" \/>\n\t<meta name=\"twitter:data1\" content=\"1 minuto\" \/>\n<script type=\"application\/ld+json\" class=\"yoast-schema-graph\">{\"@context\":\"https:\/\/schema.org\",\"@graph\":[{\"@type\":\"WebPage\",\"@id\":\"https:\/\/maybusiness.co.uk\/es\/perspectivas\/\",\"url\":\"https:\/\/maybusiness.co.uk\/es\/perspectivas\/\",\"name\":\"MBC Insights- May Business Consulting\",\"isPartOf\":{\"@id\":\"https:\/\/maybusiness.co.uk\/es\/#website\"},\"primaryImageOfPage\":{\"@id\":\"https:\/\/maybusiness.co.uk\/es\/perspectivas\/#primaryimage\"},\"image\":{\"@id\":\"https:\/\/maybusiness.co.uk\/es\/perspectivas\/#primaryimage\"},\"thumbnailUrl\":\"https:\/\/maybusiness.co.uk\/wp-content\/uploads\/2019\/07\/may-business-consulting.jpg\",\"datePublished\":\"2024-10-18T08:45:01+00:00\",\"dateModified\":\"2024-11-13T14:20:30+00:00\",\"description\":\"May Business Consulting es una consultora internacional din\u00e1mica con sede en Espa\u00f1a y Milton Keynes. Prestamos servicios de asesoramiento en gesti\u00f3n empresarial.\",\"breadcrumb\":{\"@id\":\"https:\/\/maybusiness.co.uk\/es\/perspectivas\/#breadcrumb\"},\"inLanguage\":\"es\",\"potentialAction\":[{\"@type\":\"ReadAction\",\"target\":[\"https:\/\/maybusiness.co.uk\/es\/perspectivas\/\"]}]},{\"@type\":\"ImageObject\",\"inLanguage\":\"es\",\"@id\":\"https:\/\/maybusiness.co.uk\/es\/perspectivas\/#primaryimage\",\"url\":\"https:\/\/maybusiness.co.uk\/wp-content\/uploads\/2019\/07\/may-business-consulting.jpg\",\"contentUrl\":\"https:\/\/maybusiness.co.uk\/wp-content\/uploads\/2019\/07\/may-business-consulting.jpg\",\"width\":1000,\"height\":667,\"caption\":\"May Business Consulting\"},{\"@type\":\"BreadcrumbList\",\"@id\":\"https:\/\/maybusiness.co.uk\/es\/perspectivas\/#breadcrumb\",\"itemListElement\":[{\"@type\":\"ListItem\",\"position\":1,\"name\":\"Home\",\"item\":\"https:\/\/maybusiness.co.uk\/es\/\"},{\"@type\":\"ListItem\",\"position\":2,\"name\":\"Perspectiva MBC\"}]},{\"@type\":\"WebSite\",\"@id\":\"https:\/\/maybusiness.co.uk\/es\/#website\",\"url\":\"https:\/\/maybusiness.co.uk\/es\/\",\"name\":\"May Business Consulting\",\"description\":\"MBC is a dynamic Professional Management Consultancy solving problems for global leaders and local SMEs.\",\"publisher\":{\"@id\":\"https:\/\/maybusiness.co.uk\/es\/#organization\"},\"potentialAction\":[{\"@type\":\"SearchAction\",\"target\":{\"@type\":\"EntryPoint\",\"urlTemplate\":\"https:\/\/maybusiness.co.uk\/es\/?s={search_term_string}\"},\"query-input\":{\"@type\":\"PropertyValueSpecification\",\"valueRequired\":true,\"valueName\":\"search_term_string\"}}],\"inLanguage\":\"es\"},{\"@type\":\"Organization\",\"@id\":\"https:\/\/maybusiness.co.uk\/es\/#organization\",\"name\":\"May Business Consulting\",\"url\":\"https:\/\/maybusiness.co.uk\/es\/\",\"logo\":{\"@type\":\"ImageObject\",\"inLanguage\":\"es\",\"@id\":\"https:\/\/maybusiness.co.uk\/es\/#\/schema\/logo\/image\/\",\"url\":\"https:\/\/maybusiness.co.uk\/wp-content\/uploads\/2019\/03\/MBC-Logo-Grey.svg\",\"contentUrl\":\"https:\/\/maybusiness.co.uk\/wp-content\/uploads\/2019\/03\/MBC-Logo-Grey.svg\",\"width\":100,\"height\":1,\"caption\":\"May Business Consulting\"},\"image\":{\"@id\":\"https:\/\/maybusiness.co.uk\/es\/#\/schema\/logo\/image\/\"},\"sameAs\":[\"https:\/\/www.linkedin.com\/company\/may-business-consulting\"]}]}<\/script>\n<!-- \/ Yoast SEO plugin. -->","yoast_head_json":{"title":"MBC Insights- May Business Consulting","description":"May Business Consulting es una consultora internacional din\u00e1mica con sede en Espa\u00f1a y Milton Keynes. Prestamos servicios de asesoramiento en gesti\u00f3n empresarial.","robots":{"index":"index","follow":"follow","max-snippet":"max-snippet:-1","max-image-preview":"max-image-preview:large","max-video-preview":"max-video-preview:-1"},"canonical":"https:\/\/maybusiness.co.uk\/es\/perspectivas\/","og_locale":"es_ES","og_type":"article","og_title":"MBC Insights- May Business Consulting","og_description":"May Business Consulting es una consultora internacional din\u00e1mica con sede en Espa\u00f1a y Milton Keynes. Prestamos servicios de asesoramiento en gesti\u00f3n empresarial.","og_url":"https:\/\/maybusiness.co.uk\/es\/perspectivas\/","og_site_name":"May Business Consulting","article_modified_time":"2024-11-13T14:20:30+00:00","og_image":[{"width":1000,"height":667,"url":"https:\/\/maybusiness.co.uk\/wp-content\/uploads\/2019\/07\/may-business-consulting.jpg","type":"image\/jpeg"}],"twitter_card":"summary_large_image","twitter_misc":{"Tiempo de lectura":"1 minuto"},"schema":{"@context":"https:\/\/schema.org","@graph":[{"@type":"WebPage","@id":"https:\/\/maybusiness.co.uk\/es\/perspectivas\/","url":"https:\/\/maybusiness.co.uk\/es\/perspectivas\/","name":"MBC Insights- May Business Consulting","isPartOf":{"@id":"https:\/\/maybusiness.co.uk\/es\/#website"},"primaryImageOfPage":{"@id":"https:\/\/maybusiness.co.uk\/es\/perspectivas\/#primaryimage"},"image":{"@id":"https:\/\/maybusiness.co.uk\/es\/perspectivas\/#primaryimage"},"thumbnailUrl":"https:\/\/maybusiness.co.uk\/wp-content\/uploads\/2019\/07\/may-business-consulting.jpg","datePublished":"2024-10-18T08:45:01+00:00","dateModified":"2024-11-13T14:20:30+00:00","description":"May Business Consulting es una consultora internacional din\u00e1mica con sede en Espa\u00f1a y Milton Keynes. Prestamos servicios de asesoramiento en gesti\u00f3n empresarial.","breadcrumb":{"@id":"https:\/\/maybusiness.co.uk\/es\/perspectivas\/#breadcrumb"},"inLanguage":"es","potentialAction":[{"@type":"ReadAction","target":["https:\/\/maybusiness.co.uk\/es\/perspectivas\/"]}]},{"@type":"ImageObject","inLanguage":"es","@id":"https:\/\/maybusiness.co.uk\/es\/perspectivas\/#primaryimage","url":"https:\/\/maybusiness.co.uk\/wp-content\/uploads\/2019\/07\/may-business-consulting.jpg","contentUrl":"https:\/\/maybusiness.co.uk\/wp-content\/uploads\/2019\/07\/may-business-consulting.jpg","width":1000,"height":667,"caption":"May Business Consulting"},{"@type":"BreadcrumbList","@id":"https:\/\/maybusiness.co.uk\/es\/perspectivas\/#breadcrumb","itemListElement":[{"@type":"ListItem","position":1,"name":"Home","item":"https:\/\/maybusiness.co.uk\/es\/"},{"@type":"ListItem","position":2,"name":"Perspectiva MBC"}]},{"@type":"WebSite","@id":"https:\/\/maybusiness.co.uk\/es\/#website","url":"https:\/\/maybusiness.co.uk\/es\/","name":"May Business Consulting","description":"MBC is a dynamic Professional Management Consultancy solving problems for global leaders and local SMEs.","publisher":{"@id":"https:\/\/maybusiness.co.uk\/es\/#organization"},"potentialAction":[{"@type":"SearchAction","target":{"@type":"EntryPoint","urlTemplate":"https:\/\/maybusiness.co.uk\/es\/?s={search_term_string}"},"query-input":{"@type":"PropertyValueSpecification","valueRequired":true,"valueName":"search_term_string"}}],"inLanguage":"es"},{"@type":"Organization","@id":"https:\/\/maybusiness.co.uk\/es\/#organization","name":"May Business Consulting","url":"https:\/\/maybusiness.co.uk\/es\/","logo":{"@type":"ImageObject","inLanguage":"es","@id":"https:\/\/maybusiness.co.uk\/es\/#\/schema\/logo\/image\/","url":"https:\/\/maybusiness.co.uk\/wp-content\/uploads\/2019\/03\/MBC-Logo-Grey.svg","contentUrl":"https:\/\/maybusiness.co.uk\/wp-content\/uploads\/2019\/03\/MBC-Logo-Grey.svg","width":100,"height":1,"caption":"May Business Consulting"},"image":{"@id":"https:\/\/maybusiness.co.uk\/es\/#\/schema\/logo\/image\/"},"sameAs":["https:\/\/www.linkedin.com\/company\/may-business-consulting"]}]}},"_links":{"self":[{"href":"https:\/\/maybusiness.co.uk\/es\/wp-json\/wp\/v2\/pages\/79664","targetHints":{"allow":["GET"]}}],"collection":[{"href":"https:\/\/maybusiness.co.uk\/es\/wp-json\/wp\/v2\/pages"}],"about":[{"href":"https:\/\/maybusiness.co.uk\/es\/wp-json\/wp\/v2\/types\/page"}],"author":[{"embeddable":true,"href":"https:\/\/maybusiness.co.uk\/es\/wp-json\/wp\/v2\/users\/2"}],"replies":[{"embeddable":true,"href":"https:\/\/maybusiness.co.uk\/es\/wp-json\/wp\/v2\/comments?post=79664"}],"version-history":[{"count":0,"href":"https:\/\/maybusiness.co.uk\/es\/wp-json\/wp\/v2\/pages\/79664\/revisions"}],"wp:featuredmedia":[{"embeddable":true,"href":"https:\/\/maybusiness.co.uk\/es\/wp-json\/wp\/v2\/media\/79358"}],"wp:attachment":[{"href":"https:\/\/maybusiness.co.uk\/es\/wp-json\/wp\/v2\/media?parent=79664"}],"curies":[{"name":"wp","href":"https:\/\/api.w.org\/{rel}","templated":true}]}}