{"id":79673,"date":"2024-10-18T08:46:04","date_gmt":"2024-10-18T08:46:04","guid":{"rendered":"https:\/\/maybusiness.co.uk\/politica-de-privacidad\/"},"modified":"2025-01-13T11:58:46","modified_gmt":"2025-01-13T11:58:46","slug":"politica-de-privacidad","status":"publish","type":"page","link":"https:\/\/maybusiness.co.uk\/es\/politica-de-privacidad\/","title":{"rendered":"Pol\u00edtica de privacidad"},"content":{"rendered":"<p>[vc_row row_height_percent=\u00bb40&#8243; override_padding=\u00bbyes\u00bb h_padding=\u00bb2&#8243; top_padding=\u00bb3&#8243; bottom_padding=\u00bb3&#8243; back_color=\u00bbcolor-wayh\u00bb back_image=\u00bb78958&#8243; back_position=\u00bbcenter center\u00bb parallax=\u00bbyes\u00bb overlay_color=\u00bbcolor-wayh\u00bb overlay_alpha=\u00bb20&#8243; gutter_size=\u00bb3&#8243; column_width_percent=\u00bb100&#8243; shift_y=\u00bb0&#8243; z_index=\u00bb0&#8243;][vc_column column_width_percent=\u00bb100&#8243; position_vertical=\u00bbbottom\u00bb gutter_size=\u00bb3&#8243; style=\u00bbdark\u00bb overlay_alpha=\u00bb50&#8243; shift_x=\u00bb0&#8243; shift_y=\u00bb0&#8243; medium_width=\u00bb0&#8243; zoom_width=\u00bb0&#8243; zoom_height=\u00bb0&#8243; width=\u00bb1\/1&#8243;][vc_custom_heading heading_semantic=\u00bbh1&#8243; text_size=\u00bb\u00bb text_weight=\u00bb700&#8243; sub_lead=\u00bbyes\u00bb text_uppercase=\u00bb\u00bb]Pol\u00edtica de privacidad[\/vc_custom_heading][\/vc_column][\/vc_row][vc_row row_height_percent=\u00bb0&#8243; override_padding=\u00bbyes\u00bb h_padding=\u00bb2&#8243; top_padding=\u00bb4&#8243; bottom_padding=\u00bb4&#8243; overlay_alpha=\u00bb100&#8243; gutter_size=\u00bb100&#8243; column_width_percent=\u00bb100&#8243; shift_y=\u00bb0&#8243; z_index=\u00bb0&#8243; style=\u00bbinherited\u00bb][vc_column column_width_percent=\u00bb100&#8243; gutter_size=\u00bb3&#8243; overlay_alpha=\u00bb50&#8243; shift_x=\u00bb0&#8243; shift_y=\u00bb0&#8243; medium_width=\u00bb0&#8243; zoom_width=\u00bb0&#8243; zoom_height=\u00bb0&#8243; width=\u00bb1\/1&#8243;][vc_column_text text_lead=\u00bbyes\u00bb]<\/p>\n<p class=\"p1\">May Business Consulting S.L con domicilio social en Avenida de Diego Mart\u00ednez Barrio, n\u00famero 10, 2\u00ba planta. 41013 Sevilla, y May Business Consulting Ltd. con oficina registrada en at The Pinnacle, 170 Midsummer Blvd., MK9 1BP, Milton Keynes, Buckinghamshire, United Kingdom, en adelante, May Business Consulting para referirnos de forma<span class=\"Apple-converted-space\">\u00a0 <\/span>conjunta a ambas sociedades, se comprometen a proteger y respetar tu privacidad mientras visites nuestra web. Respetamos y valoramos la privacidad de todos nuestros candidatos<span class=\"Apple-converted-space\">\u00a0 <\/span>y<span class=\"Apple-converted-space\">\u00a0 <\/span>clientes, y solo recopilaremos y utilizaremos los datos personales de la manera que se describe aqu\u00ed, y de una manera que sea coherente con nuestras obligaciones y sus derechos en virtud al<span class=\"Apple-converted-space\">\u00a0 <\/span>Reglamento General de Protecci\u00f3n de Datos de la UE (2016\/679, \u00abGDPR\u00bb) y el UK DPA de 2018.<\/p>\n<p class=\"p1\">Adem\u00e1s. May Business Consulting, cuenta con la certificaci\u00f3n ISO de Bureau Veritas y es miembro del Comisionado de Informaci\u00f3n (ICO) del Reino Unido con N\u00ba de Registro: ZA182328, desde 2016.<\/p>\n<p class=\"p1\">Esta informaci\u00f3n de privacidad explica c\u00f3mo utilizamos sus datos personales: c\u00f3mo se recopilan, c\u00f3mo se conservan y c\u00f3mo se procesan. Tambi\u00e9n explica sus derechos en virtud de la ley relacionada con sus datos personales.<\/p>\n<p class=\"p1\">Si eres un <b>Candidato o Empleado<\/b>, puedes consultar los detalles de la <b>Pol\u00edtica de Privacidad<\/b> en este <a href=\"https:\/\/jobs.mayconsulting.es\/privacy-policy\"><span class=\"s1\">link.<\/span><\/a><\/p>\n<p>[\/vc_column_text][\/vc_column][\/vc_row][vc_row unlock_row_content=\u00bbyes\u00bb row_height_percent=\u00bb0&#8243; override_padding=\u00bbyes\u00bb h_padding=\u00bb0&#8243; top_padding=\u00bb0&#8243; bottom_padding=\u00bb0&#8243; overlay_alpha=\u00bb50&#8243; gutter_size=\u00bb3&#8243; shift_y=\u00bb0&#8243;][vc_column column_width_percent=\u00bb100&#8243; gutter_size=\u00bb3&#8243; overlay_alpha=\u00bb50&#8243; shift_x=\u00bb0&#8243; shift_y=\u00bb0&#8243; medium_width=\u00bb0&#8243; zoom_width=\u00bb0&#8243; zoom_height=\u00bb0&#8243; width=\u00bb1\/1&#8243;][vc_separator][\/vc_column][\/vc_row][vc_row row_height_percent=\u00bb0&#8243; override_padding=\u00bbyes\u00bb h_padding=\u00bb2&#8243; top_padding=\u00bb3&#8243; bottom_padding=\u00bb3&#8243; back_color=\u00bbcolor-lxmt\u00bb overlay_alpha=\u00bb100&#8243; gutter_size=\u00bb100&#8243; column_width_percent=\u00bb100&#8243; shift_y=\u00bb0&#8243; z_index=\u00bb0&#8243; style=\u00bbinherited\u00bb][vc_column column_width_percent=\u00bb100&#8243; gutter_size=\u00bb3&#8243; overlay_alpha=\u00bb50&#8243; shift_x=\u00bb0&#8243; shift_y=\u00bb0&#8243; medium_width=\u00bb0&#8243; zoom_width=\u00bb0&#8243; zoom_height=\u00bb0&#8243; width=\u00bb1\/1&#8243;][vc_custom_heading text_size=\u00bbh3&#8243;]INFORMACI\u00d3N QUE RECOPILAMOS[\/vc_custom_heading][vc_column_text]<\/p>\n<p class=\"p1\">Recopilamos su informaci\u00f3n personal de varias maneras, a trav\u00e9s de la web y redes sociales, en nuestros eventos, a trav\u00e9s de tel\u00e9fono, , y en nuestras interacciones con clientes y proveedores.<\/p>\n<p class=\"p1\">De forma general, y dependiendo de la finalidad de la relaci\u00f3n, podemos recopilar:<\/p>\n<ul class=\"ul1\">\n<li class=\"li1\">Informaci\u00f3n de contacto: nombre, correo electr\u00f3nico, tel\u00e9fono, y direcci\u00f3n postal.<\/li>\n<li class=\"li1\">Nombre de usuario y contrase\u00f1a cuando se de alta en nuestra web.<\/li>\n<li class=\"li1\">Cualquier otra informaci\u00f3n que nos proporcione en encuestas, formularios o mediante el \u00e1rea \u201cContacto\u201d.<\/li>\n<\/ul>\n<p>[\/vc_column_text][\/vc_column][\/vc_row][vc_row row_height_percent=\u00bb0&#8243; override_padding=\u00bbyes\u00bb h_padding=\u00bb2&#8243; top_padding=\u00bb3&#8243; bottom_padding=\u00bb3&#8243; back_color=\u00bbcolor-lxmt\u00bb overlay_alpha=\u00bb100&#8243; gutter_size=\u00bb100&#8243; column_width_percent=\u00bb100&#8243; shift_y=\u00bb0&#8243; z_index=\u00bb0&#8243; style=\u00bbinherited\u00bb][vc_column column_width_percent=\u00bb100&#8243; gutter_size=\u00bb3&#8243; overlay_alpha=\u00bb50&#8243; shift_x=\u00bb0&#8243; shift_y=\u00bb0&#8243; medium_width=\u00bb0&#8243; zoom_width=\u00bb0&#8243; zoom_height=\u00bb0&#8243; width=\u00bb1\/1&#8243;][vc_custom_heading text_size=\u00bbh3&#8243;]C\u00d3MO UTILIZAMOS LA INFORMACI\u00d3N QUE RECOPILAMOS[\/vc_custom_heading][vc_column_text]<\/p>\n<p class=\"p1\">Utilizaremos la informaci\u00f3n, seg\u00fan la legislaci\u00f3n vigente, con los siguientes prop\u00f3sitos:<\/p>\n<ol>\n<li class=\"p1\"><b>Gesti\u00f3n de nuestras relaciones con clientes y proveedores:<\/b> Mantenemos y gestionamos las relaciones con nuestros clientes y proveedores, incluyendo la administraci\u00f3n de contratos y comunicaciones.<\/li>\n<li class=\"p1\"><b>Responder a consultas y solicitudes espec\u00edficas:<\/b> Utilizamos sus datos personales para responder a preguntas, solicitudes y reclamos, brindando soporte y atenci\u00f3n al cliente.<\/li>\n<li class=\"p1\"><b>Gesti\u00f3n, evaluaci\u00f3n y mejora de nuestro negocio:<\/b> Incluye el an\u00e1lisis, desarrollo y mejora de nuestros servicios y productos, gesti\u00f3n de comunicaciones, y la realizaci\u00f3n de auditor\u00edas, contabilidad y otras funciones internas.<\/li>\n<li class=\"p1\"><b>Proteger contra el fraude:<\/b> Implementamos medidas para identificar y prevenir el fraude, el lavado de dinero y otras actividades ilegales, incluyendo la gesti\u00f3n de reclamaciones y el cumplimiento de las obligaciones legales.<\/li>\n<li class=\"p1\"><b>Cumplir con los requisitos legales y contractuales:<\/b> Tratamos sus datos personales para cumplir con nuestras obligaciones legales, las normativas de la industria, los requisitos contractuales y nuestras pol\u00edticas internas.<\/li>\n<li class=\"p1\"><b>Env\u00edo de materiales promocionales y alertas sobre vacantes:<\/b> Solo si ha dado su consentimiento expl\u00edcito y conforme a nuestra pol\u00edtica de cookies, utilizamos sus datos para enviarle materiales promocionales, alertas sobre vacantes y otra informaci\u00f3n relevante.<\/li>\n<li class=\"p1\"><b>Gesti\u00f3n de participaci\u00f3n en eventos y promociones:<\/b> Solo si ha otorgado su consentimiento, le informamos sobre eventos especiales, promociones, programas, ofertas, encuestas, concursos y estudios de mercado.<\/li>\n<li class=\"p1\"><b>Procesamiento de pagos:<\/b> Gestionamos los datos de pago necesarios para procesar sus compras, suscripciones o transacciones realizadas a trav\u00e9s de nuestros servicios.<\/li>\n<\/ol>\n<p>[\/vc_column_text][\/vc_column][\/vc_row][vc_row row_height_percent=\u00bb0&#8243; override_padding=\u00bbyes\u00bb h_padding=\u00bb2&#8243; top_padding=\u00bb3&#8243; bottom_padding=\u00bb3&#8243; back_color=\u00bbcolor-lxmt\u00bb overlay_alpha=\u00bb100&#8243; gutter_size=\u00bb100&#8243; column_width_percent=\u00bb100&#8243; shift_y=\u00bb0&#8243; z_index=\u00bb0&#8243; style=\u00bbinherited\u00bb][vc_column column_width_percent=\u00bb100&#8243; gutter_size=\u00bb3&#8243; overlay_alpha=\u00bb50&#8243; shift_x=\u00bb0&#8243; shift_y=\u00bb0&#8243; medium_width=\u00bb0&#8243; zoom_width=\u00bb0&#8243; zoom_height=\u00bb0&#8243; width=\u00bb1\/1&#8243;][vc_custom_heading text_size=\u00bbh3&#8243;]TIEMPO DE ALMACENAMIENTO.[\/vc_custom_heading][vc_column_text]<\/p>\n<p class=\"p1\">Conservamos los datos personales recopilados en nuestros sistemas de manera que permita la identificaci\u00f3n de los interesados durante el tiempo necesario para cumplir con los fines para los que fueron recolectados o para otros fines posteriores relacionados:<\/p>\n<ul>\n<li class=\"p1\">Para proporcionar los servicios acordados con el usuario.<\/li>\n<li class=\"p1\">La protecci\u00f3n de un inter\u00e9s leg\u00edtimo del Responsable del tratamiento, seg\u00fan lo descrito en los fines del tratamiento.<\/li>\n<li class=\"p2\">El cumplimiento de obligaciones legales espec\u00edficas que requieren que los datos sean procesados y almacenados por un per\u00edodo determinado.<\/li>\n<\/ul>\n<p>[\/vc_column_text][\/vc_column][\/vc_row][vc_row row_height_percent=\u00bb0&#8243; override_padding=\u00bbyes\u00bb h_padding=\u00bb2&#8243; top_padding=\u00bb3&#8243; bottom_padding=\u00bb3&#8243; back_color=\u00bbcolor-lxmt\u00bb overlay_alpha=\u00bb100&#8243; gutter_size=\u00bb100&#8243; column_width_percent=\u00bb100&#8243; shift_y=\u00bb0&#8243; z_index=\u00bb0&#8243; style=\u00bbinherited\u00bb][vc_column column_width_percent=\u00bb100&#8243; gutter_size=\u00bb3&#8243; overlay_alpha=\u00bb50&#8243; shift_x=\u00bb0&#8243; shift_y=\u00bb0&#8243; medium_width=\u00bb0&#8243; zoom_width=\u00bb0&#8243; zoom_height=\u00bb0&#8243; width=\u00bb1\/1&#8243;][vc_custom_heading text_size=\u00bbh3&#8243;]ALMACENAMIENTO DE DATOS[\/vc_custom_heading][vc_column_text]<\/p>\n<p class=\"p1\">Adoptamos diversas medidas administrativas, t\u00e9cnicas y f\u00edsicas para proteger los datos personales que nos proporcionan, resguard\u00e1ndolos contra destrucci\u00f3n, p\u00e9rdida, alteraci\u00f3n, acceso, divulgaci\u00f3n o uso no autorizado, ya sea accidental o il\u00edcito. Para garantizar su seguridad y confidencialidad, implementamos medidas como el cifrado de datos en su transmisi\u00f3n y el control de autenticaci\u00f3n segura de usuarios.<\/p>\n<p>[\/vc_column_text][\/vc_column][\/vc_row][vc_row row_height_percent=\u00bb0&#8243; override_padding=\u00bbyes\u00bb h_padding=\u00bb2&#8243; top_padding=\u00bb3&#8243; bottom_padding=\u00bb3&#8243; back_color=\u00bbcolor-lxmt\u00bb overlay_alpha=\u00bb100&#8243; gutter_size=\u00bb100&#8243; column_width_percent=\u00bb100&#8243; shift_y=\u00bb0&#8243; z_index=\u00bb0&#8243; style=\u00bbinherited\u00bb][vc_column column_width_percent=\u00bb100&#8243; gutter_size=\u00bb3&#8243; overlay_alpha=\u00bb50&#8243; shift_x=\u00bb0&#8243; shift_y=\u00bb0&#8243; medium_width=\u00bb0&#8243; zoom_width=\u00bb0&#8243; zoom_height=\u00bb0&#8243; width=\u00bb1\/1&#8243;][vc_custom_heading text_size=\u00bbh3&#8243;]TRANSFERENCIA DE DATOS[\/vc_custom_heading][vc_column_text]<\/p>\n<p class=\"p1\">En los casos, en que sea necesario transferir los datos fuera de la UE\/EEE, principalmente EE. UU. y UK, tomaremos todas las medidas de seguridad necesarias, nos aseguraremos de que se utilice una garant\u00eda reconocida por el GDPR para permitir la transferencia, como el cifrado de los datos, y nos adaptaremos a la DPA de UK de 2018.<\/p>\n<p>[\/vc_column_text][\/vc_column][\/vc_row][vc_row row_height_percent=\u00bb0&#8243; override_padding=\u00bbyes\u00bb h_padding=\u00bb2&#8243; top_padding=\u00bb3&#8243; bottom_padding=\u00bb3&#8243; back_color=\u00bbcolor-lxmt\u00bb overlay_alpha=\u00bb100&#8243; gutter_size=\u00bb100&#8243; column_width_percent=\u00bb100&#8243; shift_y=\u00bb0&#8243; z_index=\u00bb0&#8243; style=\u00bbinherited\u00bb][vc_column column_width_percent=\u00bb100&#8243; gutter_size=\u00bb3&#8243; overlay_alpha=\u00bb50&#8243; shift_x=\u00bb0&#8243; shift_y=\u00bb0&#8243; medium_width=\u00bb0&#8243; zoom_width=\u00bb0&#8243; zoom_height=\u00bb0&#8243; width=\u00bb1\/1&#8243;][vc_custom_heading text_size=\u00bbh3&#8243;]SUS DERECHOS[\/vc_custom_heading][vc_column_text]<\/p>\n<ul class=\"ul1\">\n<li class=\"li1\"><b>Derecho de acceso:<\/b> Solicitar informaci\u00f3n sobre los datos personales que tenemos sobre usted.<\/li>\n<li class=\"li1\"><b>Derecho de rectificaci\u00f3n:<\/b> Solicitar la correcci\u00f3n de cualquier dato personal incorrecto o incompleto.<\/li>\n<li class=\"li1\"><b>Derecho de supresi\u00f3n:<\/b> Solicitar la eliminaci\u00f3n de sus datos personales cuando ya no sean necesarios para los fines para los que fueron recopilados.<\/li>\n<li class=\"li1\"><b>Derecho a la oposici\u00f3n:<\/b> Oponerse al tratamiento de sus datos personales en ciertas circunstancias.<\/li>\n<li class=\"li1\"><b>Derecho a la portabilidad de los datos:<\/b> Solicitar la transferencia de sus datos a otro proveedor de servicios.<\/li>\n<li class=\"li1\"><b>Derecho a la limitaci\u00f3n del tratamiento:<\/b> Solicitar la restricci\u00f3n del tratamiento de sus datos bajo determinadas condiciones.<\/li>\n<\/ul>\n<p class=\"p1\">Para ejercer cualquiera de estos derechos, puede ponerse en contacto con nosotros a trav\u00e9s de <a href=\"mailto:alfonso.cruz@mayconsulting.es\"><span class=\"s1\">alfonso.cruz@mayconsulting.es<\/span><\/a>. Responderemos a su solicitud dentro de los plazos establecidos por la ley.<\/p>\n<p class=\"p1\">Esta pol\u00edtica puede actualizarse de vez en cuando para reflejar cambios en nuestra pr\u00e1ctica de tratamiento de datos. Le recomendamos que la revise regularmente.<\/p>\n<p>[\/vc_column_text][\/vc_column][\/vc_row]<\/p>\n","protected":false},"excerpt":{"rendered":"<p>[vc_row row_height_percent=\u00bb40&#8243; override_padding=\u00bbyes\u00bb h_padding=\u00bb2&#8243; top_padding=\u00bb3&#8243; bottom_padding=\u00bb3&#8243; back_color=\u00bbcolor-wayh\u00bb back_image=\u00bb78958&#8243; back_position=\u00bbcenter center\u00bb parallax=\u00bbyes\u00bb overlay_color=\u00bbcolor-wayh\u00bb overlay_alpha=\u00bb20&#8243; gutter_size=\u00bb3&#8243; column_width_percent=\u00bb100&#8243; shift_y=\u00bb0&#8243; z_index=\u00bb0&#8243;][vc_column column_width_percent=\u00bb100&#8243; position_vertical=\u00bbbottom\u00bb gutter_size=\u00bb3&#8243; [&hellip;]<\/p>\n","protected":false},"author":5,"featured_media":79358,"parent":0,"menu_order":0,"comment_status":"open","ping_status":"closed","template":"","meta":{"footnotes":""},"class_list":["post-79673","page","type-page","status-publish","has-post-thumbnail","hentry"],"yoast_head":"<!-- This site is optimized with the Yoast SEO plugin v23.5 - https:\/\/yoast.com\/wordpress\/plugins\/seo\/ -->\n<title>Pol\u00edtica de privacidad - May Business Consulting Pol\u00edtica de privacidad<\/title>\n<meta name=\"description\" content=\"La pol\u00edtica de privacidad de MBC es para nuestros visitantes. Muestra c\u00f3mo utilizamos los datos personales. T\u00f3mate un momento para familiarizarte con \u00e9l y no dudes en hacer cualquier pregunta.\" \/>\n<meta name=\"robots\" content=\"index, follow, max-snippet:-1, max-image-preview:large, max-video-preview:-1\" \/>\n<link rel=\"canonical\" href=\"https:\/\/maybusiness.co.uk\/es\/politica-de-privacidad\/\" \/>\n<meta property=\"og:locale\" content=\"es_ES\" \/>\n<meta property=\"og:type\" content=\"article\" \/>\n<meta property=\"og:title\" content=\"Pol\u00edtica de privacidad - May Business Consulting Pol\u00edtica de privacidad\" \/>\n<meta property=\"og:description\" content=\"La pol\u00edtica de privacidad de MBC es para nuestros visitantes. Muestra c\u00f3mo utilizamos los datos personales. T\u00f3mate un momento para familiarizarte con \u00e9l y no dudes en hacer cualquier pregunta.\" \/>\n<meta property=\"og:url\" content=\"https:\/\/maybusiness.co.uk\/es\/politica-de-privacidad\/\" \/>\n<meta property=\"og:site_name\" content=\"May Business Consulting\" \/>\n<meta property=\"article:modified_time\" content=\"2025-01-13T11:58:46+00:00\" \/>\n<meta property=\"og:image\" content=\"https:\/\/maybusiness.co.uk\/wp-content\/uploads\/2019\/07\/may-business-consulting.jpg\" \/>\n\t<meta property=\"og:image:width\" content=\"1000\" \/>\n\t<meta property=\"og:image:height\" content=\"667\" \/>\n\t<meta property=\"og:image:type\" content=\"image\/jpeg\" \/>\n<meta name=\"twitter:card\" content=\"summary_large_image\" \/>\n<meta name=\"twitter:label1\" content=\"Tiempo de lectura\" \/>\n\t<meta name=\"twitter:data1\" content=\"8 minutos\" \/>\n<script type=\"application\/ld+json\" class=\"yoast-schema-graph\">{\"@context\":\"https:\/\/schema.org\",\"@graph\":[{\"@type\":\"WebPage\",\"@id\":\"https:\/\/maybusiness.co.uk\/es\/politica-de-privacidad\/\",\"url\":\"https:\/\/maybusiness.co.uk\/es\/politica-de-privacidad\/\",\"name\":\"Pol\u00edtica de privacidad - May Business Consulting Pol\u00edtica de privacidad\",\"isPartOf\":{\"@id\":\"https:\/\/maybusiness.co.uk\/es\/#website\"},\"primaryImageOfPage\":{\"@id\":\"https:\/\/maybusiness.co.uk\/es\/politica-de-privacidad\/#primaryimage\"},\"image\":{\"@id\":\"https:\/\/maybusiness.co.uk\/es\/politica-de-privacidad\/#primaryimage\"},\"thumbnailUrl\":\"https:\/\/maybusiness.co.uk\/wp-content\/uploads\/2019\/07\/may-business-consulting.jpg\",\"datePublished\":\"2024-10-18T08:46:04+00:00\",\"dateModified\":\"2025-01-13T11:58:46+00:00\",\"description\":\"La pol\u00edtica de privacidad de MBC es para nuestros visitantes. Muestra c\u00f3mo utilizamos los datos personales. T\u00f3mate un momento para familiarizarte con \u00e9l y no dudes en hacer cualquier pregunta.\",\"breadcrumb\":{\"@id\":\"https:\/\/maybusiness.co.uk\/es\/politica-de-privacidad\/#breadcrumb\"},\"inLanguage\":\"es\",\"potentialAction\":[{\"@type\":\"ReadAction\",\"target\":[\"https:\/\/maybusiness.co.uk\/es\/politica-de-privacidad\/\"]}]},{\"@type\":\"ImageObject\",\"inLanguage\":\"es\",\"@id\":\"https:\/\/maybusiness.co.uk\/es\/politica-de-privacidad\/#primaryimage\",\"url\":\"https:\/\/maybusiness.co.uk\/wp-content\/uploads\/2019\/07\/may-business-consulting.jpg\",\"contentUrl\":\"https:\/\/maybusiness.co.uk\/wp-content\/uploads\/2019\/07\/may-business-consulting.jpg\",\"width\":1000,\"height\":667,\"caption\":\"May Business Consulting\"},{\"@type\":\"BreadcrumbList\",\"@id\":\"https:\/\/maybusiness.co.uk\/es\/politica-de-privacidad\/#breadcrumb\",\"itemListElement\":[{\"@type\":\"ListItem\",\"position\":1,\"name\":\"Home\",\"item\":\"https:\/\/maybusiness.co.uk\/es\/\"},{\"@type\":\"ListItem\",\"position\":2,\"name\":\"Pol\u00edtica de privacidad\"}]},{\"@type\":\"WebSite\",\"@id\":\"https:\/\/maybusiness.co.uk\/es\/#website\",\"url\":\"https:\/\/maybusiness.co.uk\/es\/\",\"name\":\"May Business Consulting\",\"description\":\"MBC is a dynamic Professional Management Consultancy solving problems for global leaders and local SMEs.\",\"publisher\":{\"@id\":\"https:\/\/maybusiness.co.uk\/es\/#organization\"},\"potentialAction\":[{\"@type\":\"SearchAction\",\"target\":{\"@type\":\"EntryPoint\",\"urlTemplate\":\"https:\/\/maybusiness.co.uk\/es\/?s={search_term_string}\"},\"query-input\":{\"@type\":\"PropertyValueSpecification\",\"valueRequired\":true,\"valueName\":\"search_term_string\"}}],\"inLanguage\":\"es\"},{\"@type\":\"Organization\",\"@id\":\"https:\/\/maybusiness.co.uk\/es\/#organization\",\"name\":\"May Business Consulting\",\"url\":\"https:\/\/maybusiness.co.uk\/es\/\",\"logo\":{\"@type\":\"ImageObject\",\"inLanguage\":\"es\",\"@id\":\"https:\/\/maybusiness.co.uk\/es\/#\/schema\/logo\/image\/\",\"url\":\"https:\/\/maybusiness.co.uk\/wp-content\/uploads\/2019\/03\/MBC-Logo-Grey.svg\",\"contentUrl\":\"https:\/\/maybusiness.co.uk\/wp-content\/uploads\/2019\/03\/MBC-Logo-Grey.svg\",\"width\":100,\"height\":1,\"caption\":\"May Business Consulting\"},\"image\":{\"@id\":\"https:\/\/maybusiness.co.uk\/es\/#\/schema\/logo\/image\/\"},\"sameAs\":[\"https:\/\/www.linkedin.com\/company\/may-business-consulting\"]}]}<\/script>\n<!-- \/ Yoast SEO plugin. -->","yoast_head_json":{"title":"Pol\u00edtica de privacidad - May Business Consulting Pol\u00edtica de privacidad","description":"La pol\u00edtica de privacidad de MBC es para nuestros visitantes. Muestra c\u00f3mo utilizamos los datos personales. T\u00f3mate un momento para familiarizarte con \u00e9l y no dudes en hacer cualquier pregunta.","robots":{"index":"index","follow":"follow","max-snippet":"max-snippet:-1","max-image-preview":"max-image-preview:large","max-video-preview":"max-video-preview:-1"},"canonical":"https:\/\/maybusiness.co.uk\/es\/politica-de-privacidad\/","og_locale":"es_ES","og_type":"article","og_title":"Pol\u00edtica de privacidad - May Business Consulting Pol\u00edtica de privacidad","og_description":"La pol\u00edtica de privacidad de MBC es para nuestros visitantes. Muestra c\u00f3mo utilizamos los datos personales. T\u00f3mate un momento para familiarizarte con \u00e9l y no dudes en hacer cualquier pregunta.","og_url":"https:\/\/maybusiness.co.uk\/es\/politica-de-privacidad\/","og_site_name":"May Business Consulting","article_modified_time":"2025-01-13T11:58:46+00:00","og_image":[{"width":1000,"height":667,"url":"https:\/\/maybusiness.co.uk\/wp-content\/uploads\/2019\/07\/may-business-consulting.jpg","type":"image\/jpeg"}],"twitter_card":"summary_large_image","twitter_misc":{"Tiempo de lectura":"8 minutos"},"schema":{"@context":"https:\/\/schema.org","@graph":[{"@type":"WebPage","@id":"https:\/\/maybusiness.co.uk\/es\/politica-de-privacidad\/","url":"https:\/\/maybusiness.co.uk\/es\/politica-de-privacidad\/","name":"Pol\u00edtica de privacidad - May Business Consulting Pol\u00edtica de privacidad","isPartOf":{"@id":"https:\/\/maybusiness.co.uk\/es\/#website"},"primaryImageOfPage":{"@id":"https:\/\/maybusiness.co.uk\/es\/politica-de-privacidad\/#primaryimage"},"image":{"@id":"https:\/\/maybusiness.co.uk\/es\/politica-de-privacidad\/#primaryimage"},"thumbnailUrl":"https:\/\/maybusiness.co.uk\/wp-content\/uploads\/2019\/07\/may-business-consulting.jpg","datePublished":"2024-10-18T08:46:04+00:00","dateModified":"2025-01-13T11:58:46+00:00","description":"La pol\u00edtica de privacidad de MBC es para nuestros visitantes. Muestra c\u00f3mo utilizamos los datos personales. T\u00f3mate un momento para familiarizarte con \u00e9l y no dudes en hacer cualquier pregunta.","breadcrumb":{"@id":"https:\/\/maybusiness.co.uk\/es\/politica-de-privacidad\/#breadcrumb"},"inLanguage":"es","potentialAction":[{"@type":"ReadAction","target":["https:\/\/maybusiness.co.uk\/es\/politica-de-privacidad\/"]}]},{"@type":"ImageObject","inLanguage":"es","@id":"https:\/\/maybusiness.co.uk\/es\/politica-de-privacidad\/#primaryimage","url":"https:\/\/maybusiness.co.uk\/wp-content\/uploads\/2019\/07\/may-business-consulting.jpg","contentUrl":"https:\/\/maybusiness.co.uk\/wp-content\/uploads\/2019\/07\/may-business-consulting.jpg","width":1000,"height":667,"caption":"May Business Consulting"},{"@type":"BreadcrumbList","@id":"https:\/\/maybusiness.co.uk\/es\/politica-de-privacidad\/#breadcrumb","itemListElement":[{"@type":"ListItem","position":1,"name":"Home","item":"https:\/\/maybusiness.co.uk\/es\/"},{"@type":"ListItem","position":2,"name":"Pol\u00edtica de privacidad"}]},{"@type":"WebSite","@id":"https:\/\/maybusiness.co.uk\/es\/#website","url":"https:\/\/maybusiness.co.uk\/es\/","name":"May Business Consulting","description":"MBC is a dynamic Professional Management Consultancy solving problems for global leaders and local SMEs.","publisher":{"@id":"https:\/\/maybusiness.co.uk\/es\/#organization"},"potentialAction":[{"@type":"SearchAction","target":{"@type":"EntryPoint","urlTemplate":"https:\/\/maybusiness.co.uk\/es\/?s={search_term_string}"},"query-input":{"@type":"PropertyValueSpecification","valueRequired":true,"valueName":"search_term_string"}}],"inLanguage":"es"},{"@type":"Organization","@id":"https:\/\/maybusiness.co.uk\/es\/#organization","name":"May Business Consulting","url":"https:\/\/maybusiness.co.uk\/es\/","logo":{"@type":"ImageObject","inLanguage":"es","@id":"https:\/\/maybusiness.co.uk\/es\/#\/schema\/logo\/image\/","url":"https:\/\/maybusiness.co.uk\/wp-content\/uploads\/2019\/03\/MBC-Logo-Grey.svg","contentUrl":"https:\/\/maybusiness.co.uk\/wp-content\/uploads\/2019\/03\/MBC-Logo-Grey.svg","width":100,"height":1,"caption":"May Business Consulting"},"image":{"@id":"https:\/\/maybusiness.co.uk\/es\/#\/schema\/logo\/image\/"},"sameAs":["https:\/\/www.linkedin.com\/company\/may-business-consulting"]}]}},"_links":{"self":[{"href":"https:\/\/maybusiness.co.uk\/es\/wp-json\/wp\/v2\/pages\/79673","targetHints":{"allow":["GET"]}}],"collection":[{"href":"https:\/\/maybusiness.co.uk\/es\/wp-json\/wp\/v2\/pages"}],"about":[{"href":"https:\/\/maybusiness.co.uk\/es\/wp-json\/wp\/v2\/types\/page"}],"author":[{"embeddable":true,"href":"https:\/\/maybusiness.co.uk\/es\/wp-json\/wp\/v2\/users\/5"}],"replies":[{"embeddable":true,"href":"https:\/\/maybusiness.co.uk\/es\/wp-json\/wp\/v2\/comments?post=79673"}],"version-history":[{"count":0,"href":"https:\/\/maybusiness.co.uk\/es\/wp-json\/wp\/v2\/pages\/79673\/revisions"}],"wp:featuredmedia":[{"embeddable":true,"href":"https:\/\/maybusiness.co.uk\/es\/wp-json\/wp\/v2\/media\/79358"}],"wp:attachment":[{"href":"https:\/\/maybusiness.co.uk\/es\/wp-json\/wp\/v2\/media?parent=79673"}],"curies":[{"name":"wp","href":"https:\/\/api.w.org\/{rel}","templated":true}]}}