{"id":79676,"date":"2024-10-18T08:53:16","date_gmt":"2024-10-18T08:53:16","guid":{"rendered":"https:\/\/maybusiness.co.uk\/testimonios\/"},"modified":"2024-10-24T15:03:42","modified_gmt":"2024-10-24T15:03:42","slug":"testimonios","status":"publish","type":"page","link":"https:\/\/maybusiness.co.uk\/es\/testimonios\/","title":{"rendered":"Testimonios"},"content":{"rendered":"<p>[vc_row unlock_row_content=\u00bbyes\u00bb row_height_percent=\u00bb45&#8243; override_padding=\u00bbyes\u00bb h_padding=\u00bb0&#8243; top_padding=\u00bb3&#8243; bottom_padding=\u00bb0&#8243; overlay_alpha=\u00bb50&#8243; equal_height=\u00bbyes\u00bb gutter_size=\u00bb0&#8243; column_width_percent=\u00bb100&#8243; shift_y=\u00bb0&#8243; z_index=\u00bb0&#8243; el_class=\u00bbinverted-device-order\u00bb css=\u00bb.vc_custom_1713208875792{padding-top: 0px !important;}\u00bb][vc_column column_width_percent=\u00bb100&#8243; position_vertical=\u00bbmiddle\u00bb align_horizontal=\u00bbalign_center\u00bb gutter_size=\u00bb0&#8243; override_padding=\u00bbyes\u00bb column_padding=\u00bb0&#8243; expand_height=\u00bbyes\u00bb back_image=\u00bb79562&#8243; back_position=\u00bbleft center\u00bb kburns=\u00bbyes\u00bb overlay_alpha=\u00bb50&#8243; border_color=\u00bbcolor-xsdn\u00bb border_style=\u00bbsolid\u00bb shift_x=\u00bb0&#8243; shift_y=\u00bb0&#8243; shift_y_down=\u00bb0&#8243; z_index=\u00bb0&#8243; medium_visibility=\u00bbyes\u00bb medium_width=\u00bb0&#8243; mobile_visibility=\u00bbyes\u00bb align_mobile=\u00bbalign_center_mobile\u00bb mobile_width=\u00bb0&#8243; css_animation=\u00bbleft-t-right\u00bb width=\u00bb1\/2&#8243;][\/vc_column][vc_column column_width_percent=\u00bb100&#8243; position_vertical=\u00bbbottom\u00bb align_horizontal=\u00bbalign_right\u00bb gutter_size=\u00bb3&#8243; override_padding=\u00bbyes\u00bb column_padding=\u00bb4&#8243; expand_height=\u00bbyes\u00bb style=\u00bbdark\u00bb overlay_color=\u00bbcolor-xsdn\u00bb overlay_alpha=\u00bb85&#8243; border_color=\u00bbaccent\u00bb border_style=\u00bbsolid\u00bb shift_x=\u00bb-5&#8243; shift_x_fixed=\u00bbyes\u00bb shift_y=\u00bb0&#8243; shift_y_fixed=\u00bbyes\u00bb shift_y_down=\u00bb0&#8243; z_index=\u00bb0&#8243; medium_width=\u00bb0&#8243; mobile_width=\u00bb0&#8243; css_animation=\u00bbright-t-left\u00bb width=\u00bb1\/2&#8243; css=\u00bb.vc_custom_1719823572857{border-top-width: 0px !important;border-left-width: 10px !important;}\u00bb][vc_custom_heading heading_semantic=\u00bbh3&#8243; text_color=\u00bbcolor-163065&#8243;]<\/p>\n<h2 style=\"font-size: 50px;\"><span style=\"color: #333333;\"><strong>Testimonios<\/strong><\/span><\/h2>\n<p>[\/vc_custom_heading][vc_button button_color=\u00bbaccent\u00bb border_width=\u00bb0&#8243; link=\u00bburl:https%3A%2F%2Fmaybusiness.co.uk%2Fes%2Fponte-en-contacto-con%2F|title:Ponte%20en%20contacto%20con|\u00bb]CONT\u00c1CTANOS[\/vc_button][\/vc_column][\/vc_row][vc_row row_height_percent=\u00bb0&#8243; override_padding=\u00bbyes\u00bb h_padding=\u00bb2&#8243; top_padding=\u00bb3&#8243; bottom_padding=\u00bb2&#8243; overlay_alpha=\u00bb50&#8243; gutter_size=\u00bb3&#8243; column_width_percent=\u00bb100&#8243; shift_y=\u00bb0&#8243; z_index=\u00bb0&#8243;][vc_column column_width_percent=\u00bb100&#8243; align_horizontal=\u00bbalign_center\u00bb gutter_size=\u00bb3&#8243; overlay_alpha=\u00bb50&#8243; shift_x=\u00bb0&#8243; shift_y=\u00bb0&#8243; shift_y_down=\u00bb0&#8243; z_index=\u00bb0&#8243; medium_width=\u00bb0&#8243; mobile_width=\u00bb0&#8243; width=\u00bb1\/1&#8243;][vc_custom_heading text_weight=\u00bb600&#8243;]<span style=\"font-weight: 400;\">Nuestros clientes lo dicen mejor<\/span>[\/vc_custom_heading][\/vc_column][\/vc_row][vc_row][vc_column column_width_percent=\u00bb100&#8243; align_horizontal=\u00bbalign_center\u00bb gutter_size=\u00bb3&#8243; expand_height=\u00bbyes\u00bb back_color=\u00bbcolor-lxmt\u00bb overlay_alpha=\u00bb50&#8243; border_color=\u00bbaccent\u00bb border_style=\u00bbsolid\u00bb shift_x=\u00bb0&#8243; shift_y=\u00bb0&#8243; shift_y_down=\u00bb0&#8243; z_index=\u00bb0&#8243; medium_width=\u00bb0&#8243; mobile_width=\u00bb0&#8243; width=\u00bb1\/3&#8243; css=\u00bb.vc_custom_1719823774005{border-top-width: 10px !important;}\u00bb][vc_icon icon=\u00bbfa fa-quote-left\u00bb icon_color=\u00bbaccent\u00bb size=\u00bbfa-3x\u00bb title=\u00bbFintech\u00bb]<strong>COO<\/strong><\/p>\n<p>Tras haber trabajado con MBC como proveedor de recursos especializados durante m\u00e1s de 5 a\u00f1os, estoy encantado con la calidad del personal, la profesionalidad y el servicio de MBC, junto con la absoluta flexibilidad que han demostrado como organizaci\u00f3n para ayudarnos a satisfacer nuestras crecientes necesidades. Recomendar\u00eda MBC si buscas cubrir puestos cr\u00edticos en tu organizaci\u00f3n, desde funciones t\u00e9cnicas especializadas hasta administradores de proyectos. Del mismo modo, si buscas un veh\u00edculo para incorporar al personal que hayas identificado, MBC es una opci\u00f3n fant\u00e1stica para conseguirlo.[\/vc_icon][\/vc_column][vc_column column_width_percent=\u00bb100&#8243; align_horizontal=\u00bbalign_center\u00bb gutter_size=\u00bb3&#8243; expand_height=\u00bbyes\u00bb back_color=\u00bbcolor-lxmt\u00bb overlay_alpha=\u00bb50&#8243; border_color=\u00bbaccent\u00bb border_style=\u00bbsolid\u00bb shift_x=\u00bb0&#8243; shift_y=\u00bb0&#8243; shift_y_down=\u00bb0&#8243; z_index=\u00bb0&#8243; medium_width=\u00bb0&#8243; mobile_width=\u00bb0&#8243; width=\u00bb1\/3&#8243; css=\u00bb.vc_custom_1719823849216{border-top-width: 10px !important;}\u00bb][vc_icon icon=\u00bbfa fa-quote-left\u00bb icon_color=\u00bbaccent\u00bb size=\u00bbfa-3x\u00bb title=\u00bbEmpresa comercializadora de energ\u00eda\u00bb]<strong>CEO<\/strong><\/p>\n<p>Tenemos una muy buena relaci\u00f3n con May Business y llevo muchos a\u00f1os trabajando con ellos. Lo que nos llama la atenci\u00f3n es que sus consultores suelen ser personas con m\u00e1s experiencia que est\u00e1n dispuestas a desafiarnos; no est\u00e1n pendientes del siguiente proyecto.[\/vc_icon][\/vc_column][vc_column column_width_percent=\u00bb100&#8243; align_horizontal=\u00bbalign_center\u00bb gutter_size=\u00bb3&#8243; expand_height=\u00bbyes\u00bb back_color=\u00bbcolor-lxmt\u00bb overlay_alpha=\u00bb50&#8243; border_color=\u00bbaccent\u00bb border_style=\u00bbsolid\u00bb shift_x=\u00bb0&#8243; shift_y=\u00bb0&#8243; shift_y_down=\u00bb0&#8243; z_index=\u00bb0&#8243; medium_width=\u00bb0&#8243; mobile_width=\u00bb0&#8243; width=\u00bb1\/3&#8243; css=\u00bb.vc_custom_1719823955170{border-top-width: 10px !important;}\u00bb][vc_icon icon=\u00bbfa fa-quote-left\u00bb icon_color=\u00bbaccent\u00bb size=\u00bbfa-3x\u00bb title=\u00bbNico Ballefin\u00bb]<strong>Tymit<\/strong><\/p>\n<p>MBC lleva ayudando a Tymit con nuestras necesidades especializadas desde 2019, cuando construimos por primera vez nuestro prototipo, y a d\u00eda de hoy colaboramos en varias \u00e1reas del Reino Unido y Espa\u00f1a.<\/p>\n<p>Tymit s\u00f3lo recurre a consultores en servicios excepcionales, ya que tenemos una pol\u00edtica general de mantenerlo todo internamente. MBC es la \u00fanica empresa de servicios de consultor\u00eda en la que confiamos para que nos ayude a resolver cuestiones muy complejas y espec\u00edficas. Las razones para ello son: que son especialistas en servicios financieros (de tipo bancario), realizan proyectos de implantaci\u00f3n complejos, solucionan problemas tecnol\u00f3gicos y operativos y, en general, son muy pragm\u00e1ticos y dignos de confianza, lo que les convierte en una gran fuente de asesoramiento y apoyo.[\/vc_icon][\/vc_column][\/vc_row][vc_row][vc_column column_width_percent=\u00bb100&#8243; align_horizontal=\u00bbalign_center\u00bb gutter_size=\u00bb3&#8243; expand_height=\u00bbyes\u00bb back_color=\u00bbcolor-lxmt\u00bb overlay_alpha=\u00bb50&#8243; border_color=\u00bbaccent\u00bb border_style=\u00bbsolid\u00bb shift_x=\u00bb0&#8243; shift_y=\u00bb0&#8243; shift_y_down=\u00bb0&#8243; z_index=\u00bb0&#8243; medium_width=\u00bb0&#8243; mobile_width=\u00bb0&#8243; width=\u00bb1\/3&#8243; css=\u00bb.vc_custom_1719823774005{border-top-width: 10px !important;}\u00bb][vc_icon icon=\u00bbfa fa-quote-left\u00bb icon_color=\u00bbaccent\u00bb size=\u00bbfa-3x\u00bb title=\u00bbPagos\u00bb]<strong>COO<\/strong><\/p>\n<p>El programa que acabamos de completar era el primero para la banca brit\u00e1nica y, como tal, requer\u00eda una fuerte supervisi\u00f3n de la FCA y una s\u00f3lida gobernanza, ya que migr\u00e1bamos los pagos a una nueva plataforma basada en la nube. MBC no s\u00f3lo proporcion\u00f3 el m\u00fasculo de gesti\u00f3n y el conjunto de herramientas para hacer frente a estos retos, sino tambi\u00e9n la profunda experiencia en pagos y desarrolladores expertos. <\/p>\n<p>He visto muchos de estos tipos de programas en el pasado y, gracias a MBC, la entrega no puede ser mejor.[\/vc_icon][\/vc_column][\/vc_row]<\/p>\n","protected":false},"excerpt":{"rendered":"<p>[vc_row unlock_row_content=\u00bbyes\u00bb row_height_percent=\u00bb45&#8243; override_padding=\u00bbyes\u00bb h_padding=\u00bb0&#8243; top_padding=\u00bb3&#8243; bottom_padding=\u00bb0&#8243; overlay_alpha=\u00bb50&#8243; equal_height=\u00bbyes\u00bb gutter_size=\u00bb0&#8243; column_width_percent=\u00bb100&#8243; shift_y=\u00bb0&#8243; z_index=\u00bb0&#8243; el_class=\u00bbinverted-device-order\u00bb css=\u00bb.vc_custom_1713208875792{padding-top: 0px !important;}\u00bb][vc_column column_width_percent=\u00bb100&#8243; position_vertical=\u00bbmiddle\u00bb align_horizontal=\u00bbalign_center\u00bb [&hellip;]<\/p>\n","protected":false},"author":6,"featured_media":0,"parent":0,"menu_order":0,"comment_status":"closed","ping_status":"closed","template":"","meta":{"footnotes":""},"class_list":["post-79676","page","type-page","status-publish","hentry"],"yoast_head":"<!-- This site is optimized with the Yoast SEO plugin v23.5 - https:\/\/yoast.com\/wordpress\/plugins\/seo\/ -->\n<title>May Business Consulting - Bienvenido<\/title>\n<meta name=\"description\" content=\"May Business Consulting se centra por completo en el compromiso proactivo con el cliente. Esto maximiza nuestro valor a\u00f1adido, crea aventuras profesionales y crecimiento.\" \/>\n<meta name=\"robots\" content=\"index, follow, max-snippet:-1, max-image-preview:large, max-video-preview:-1\" \/>\n<link rel=\"canonical\" href=\"https:\/\/maybusiness.co.uk\/es\/testimonios\/\" \/>\n<meta property=\"og:locale\" content=\"es_ES\" \/>\n<meta property=\"og:type\" content=\"article\" \/>\n<meta property=\"og:title\" content=\"May Business Consulting - Bienvenido\" \/>\n<meta property=\"og:description\" content=\"May Business Consulting se centra por completo en el compromiso proactivo con el cliente. Esto maximiza nuestro valor a\u00f1adido, crea aventuras profesionales y crecimiento.\" \/>\n<meta property=\"og:url\" content=\"https:\/\/maybusiness.co.uk\/es\/testimonios\/\" \/>\n<meta property=\"og:site_name\" content=\"May Business Consulting\" \/>\n<meta property=\"article:modified_time\" content=\"2024-10-24T15:03:42+00:00\" \/>\n<meta name=\"twitter:card\" content=\"summary_large_image\" \/>\n<meta name=\"twitter:label1\" content=\"Tiempo de lectura\" \/>\n\t<meta name=\"twitter:data1\" content=\"5 minutos\" \/>\n<script type=\"application\/ld+json\" class=\"yoast-schema-graph\">{\"@context\":\"https:\/\/schema.org\",\"@graph\":[{\"@type\":\"WebPage\",\"@id\":\"https:\/\/maybusiness.co.uk\/es\/testimonios\/\",\"url\":\"https:\/\/maybusiness.co.uk\/es\/testimonios\/\",\"name\":\"May Business Consulting - Bienvenido\",\"isPartOf\":{\"@id\":\"https:\/\/maybusiness.co.uk\/es\/#website\"},\"datePublished\":\"2024-10-18T08:53:16+00:00\",\"dateModified\":\"2024-10-24T15:03:42+00:00\",\"description\":\"May Business Consulting se centra por completo en el compromiso proactivo con el cliente. Esto maximiza nuestro valor a\u00f1adido, crea aventuras profesionales y crecimiento.\",\"breadcrumb\":{\"@id\":\"https:\/\/maybusiness.co.uk\/es\/testimonios\/#breadcrumb\"},\"inLanguage\":\"es\",\"potentialAction\":[{\"@type\":\"ReadAction\",\"target\":[\"https:\/\/maybusiness.co.uk\/es\/testimonios\/\"]}]},{\"@type\":\"BreadcrumbList\",\"@id\":\"https:\/\/maybusiness.co.uk\/es\/testimonios\/#breadcrumb\",\"itemListElement\":[{\"@type\":\"ListItem\",\"position\":1,\"name\":\"Home\",\"item\":\"https:\/\/maybusiness.co.uk\/es\/\"},{\"@type\":\"ListItem\",\"position\":2,\"name\":\"Testimonios\"}]},{\"@type\":\"WebSite\",\"@id\":\"https:\/\/maybusiness.co.uk\/es\/#website\",\"url\":\"https:\/\/maybusiness.co.uk\/es\/\",\"name\":\"May Business Consulting\",\"description\":\"MBC is a dynamic Professional Management Consultancy solving problems for global leaders and local SMEs.\",\"publisher\":{\"@id\":\"https:\/\/maybusiness.co.uk\/es\/#organization\"},\"potentialAction\":[{\"@type\":\"SearchAction\",\"target\":{\"@type\":\"EntryPoint\",\"urlTemplate\":\"https:\/\/maybusiness.co.uk\/es\/?s={search_term_string}\"},\"query-input\":{\"@type\":\"PropertyValueSpecification\",\"valueRequired\":true,\"valueName\":\"search_term_string\"}}],\"inLanguage\":\"es\"},{\"@type\":\"Organization\",\"@id\":\"https:\/\/maybusiness.co.uk\/es\/#organization\",\"name\":\"May Business Consulting\",\"url\":\"https:\/\/maybusiness.co.uk\/es\/\",\"logo\":{\"@type\":\"ImageObject\",\"inLanguage\":\"es\",\"@id\":\"https:\/\/maybusiness.co.uk\/es\/#\/schema\/logo\/image\/\",\"url\":\"https:\/\/maybusiness.co.uk\/wp-content\/uploads\/2019\/03\/MBC-Logo-Grey.svg\",\"contentUrl\":\"https:\/\/maybusiness.co.uk\/wp-content\/uploads\/2019\/03\/MBC-Logo-Grey.svg\",\"width\":100,\"height\":1,\"caption\":\"May Business Consulting\"},\"image\":{\"@id\":\"https:\/\/maybusiness.co.uk\/es\/#\/schema\/logo\/image\/\"},\"sameAs\":[\"https:\/\/www.linkedin.com\/company\/may-business-consulting\"]}]}<\/script>\n<!-- \/ Yoast SEO plugin. -->","yoast_head_json":{"title":"May Business Consulting - Bienvenido","description":"May Business Consulting se centra por completo en el compromiso proactivo con el cliente. Esto maximiza nuestro valor a\u00f1adido, crea aventuras profesionales y crecimiento.","robots":{"index":"index","follow":"follow","max-snippet":"max-snippet:-1","max-image-preview":"max-image-preview:large","max-video-preview":"max-video-preview:-1"},"canonical":"https:\/\/maybusiness.co.uk\/es\/testimonios\/","og_locale":"es_ES","og_type":"article","og_title":"May Business Consulting - Bienvenido","og_description":"May Business Consulting se centra por completo en el compromiso proactivo con el cliente. Esto maximiza nuestro valor a\u00f1adido, crea aventuras profesionales y crecimiento.","og_url":"https:\/\/maybusiness.co.uk\/es\/testimonios\/","og_site_name":"May Business Consulting","article_modified_time":"2024-10-24T15:03:42+00:00","twitter_card":"summary_large_image","twitter_misc":{"Tiempo de lectura":"5 minutos"},"schema":{"@context":"https:\/\/schema.org","@graph":[{"@type":"WebPage","@id":"https:\/\/maybusiness.co.uk\/es\/testimonios\/","url":"https:\/\/maybusiness.co.uk\/es\/testimonios\/","name":"May Business Consulting - Bienvenido","isPartOf":{"@id":"https:\/\/maybusiness.co.uk\/es\/#website"},"datePublished":"2024-10-18T08:53:16+00:00","dateModified":"2024-10-24T15:03:42+00:00","description":"May Business Consulting se centra por completo en el compromiso proactivo con el cliente. Esto maximiza nuestro valor a\u00f1adido, crea aventuras profesionales y crecimiento.","breadcrumb":{"@id":"https:\/\/maybusiness.co.uk\/es\/testimonios\/#breadcrumb"},"inLanguage":"es","potentialAction":[{"@type":"ReadAction","target":["https:\/\/maybusiness.co.uk\/es\/testimonios\/"]}]},{"@type":"BreadcrumbList","@id":"https:\/\/maybusiness.co.uk\/es\/testimonios\/#breadcrumb","itemListElement":[{"@type":"ListItem","position":1,"name":"Home","item":"https:\/\/maybusiness.co.uk\/es\/"},{"@type":"ListItem","position":2,"name":"Testimonios"}]},{"@type":"WebSite","@id":"https:\/\/maybusiness.co.uk\/es\/#website","url":"https:\/\/maybusiness.co.uk\/es\/","name":"May Business Consulting","description":"MBC is a dynamic Professional Management Consultancy solving problems for global leaders and local SMEs.","publisher":{"@id":"https:\/\/maybusiness.co.uk\/es\/#organization"},"potentialAction":[{"@type":"SearchAction","target":{"@type":"EntryPoint","urlTemplate":"https:\/\/maybusiness.co.uk\/es\/?s={search_term_string}"},"query-input":{"@type":"PropertyValueSpecification","valueRequired":true,"valueName":"search_term_string"}}],"inLanguage":"es"},{"@type":"Organization","@id":"https:\/\/maybusiness.co.uk\/es\/#organization","name":"May Business Consulting","url":"https:\/\/maybusiness.co.uk\/es\/","logo":{"@type":"ImageObject","inLanguage":"es","@id":"https:\/\/maybusiness.co.uk\/es\/#\/schema\/logo\/image\/","url":"https:\/\/maybusiness.co.uk\/wp-content\/uploads\/2019\/03\/MBC-Logo-Grey.svg","contentUrl":"https:\/\/maybusiness.co.uk\/wp-content\/uploads\/2019\/03\/MBC-Logo-Grey.svg","width":100,"height":1,"caption":"May Business Consulting"},"image":{"@id":"https:\/\/maybusiness.co.uk\/es\/#\/schema\/logo\/image\/"},"sameAs":["https:\/\/www.linkedin.com\/company\/may-business-consulting"]}]}},"_links":{"self":[{"href":"https:\/\/maybusiness.co.uk\/es\/wp-json\/wp\/v2\/pages\/79676","targetHints":{"allow":["GET"]}}],"collection":[{"href":"https:\/\/maybusiness.co.uk\/es\/wp-json\/wp\/v2\/pages"}],"about":[{"href":"https:\/\/maybusiness.co.uk\/es\/wp-json\/wp\/v2\/types\/page"}],"author":[{"embeddable":true,"href":"https:\/\/maybusiness.co.uk\/es\/wp-json\/wp\/v2\/users\/6"}],"replies":[{"embeddable":true,"href":"https:\/\/maybusiness.co.uk\/es\/wp-json\/wp\/v2\/comments?post=79676"}],"version-history":[{"count":0,"href":"https:\/\/maybusiness.co.uk\/es\/wp-json\/wp\/v2\/pages\/79676\/revisions"}],"wp:attachment":[{"href":"https:\/\/maybusiness.co.uk\/es\/wp-json\/wp\/v2\/media?parent=79676"}],"curies":[{"name":"wp","href":"https:\/\/api.w.org\/{rel}","templated":true}]}}